{"id":4684,"date":"2021-01-25T12:00:59","date_gmt":"2021-01-25T10:00:59","guid":{"rendered":"https:\/\/competplus.eu\/comment-participer\/"},"modified":"2021-02-17T21:06:41","modified_gmt":"2021-02-17T19:06:41","slug":"comment-participer","status":"publish","type":"page","link":"https:\/\/competplus.eu\/fr\/comment-participer\/","title":{"rendered":"Comment participer ?"},"content":{"rendered":"[vc_row type=&#8221;full_width_background&#8221; full_screen_row_position=&#8221;middle&#8221; column_margin=&#8221;default&#8221; equal_height=&#8221;yes&#8221; content_placement=&#8221;middle&#8221; column_direction=&#8221;default&#8221; column_direction_tablet=&#8221;default&#8221; column_direction_phone=&#8221;default&#8221; scene_position=&#8221;center&#8221; top_padding=&#8221;2%&#8221; bottom_padding=&#8221;2%&#8221; text_color=&#8221;light&#8221; text_align=&#8221;left&#8221; row_border_radius=&#8221;none&#8221; row_border_radius_applies=&#8221;bg&#8221; overlay_strength=&#8221;0.3&#8243; gradient_direction=&#8221;left_to_right&#8221; shape_divider_position=&#8221;bottom&#8221; bg_image_animation=&#8221;none&#8221; shape_type=&#8221;&#8221;][vc_column column_padding=&#8221;padding-2-percent&#8221; column_padding_tablet=&#8221;inherit&#8221; column_padding_phone=&#8221;inherit&#8221; column_padding_position=&#8221;all&#8221; background_color=&#8221;#95639f&#8221; background_color_opacity=&#8221;1&#8243; background_hover_color_opacity=&#8221;1&#8243; font_color=&#8221;#ffffff&#8221; column_shadow=&#8221;none&#8221; column_border_radius=&#8221;none&#8221; column_link_target=&#8221;_self&#8221; gradient_direction=&#8221;left_to_right&#8221; overlay_strength=&#8221;0.3&#8243; width=&#8221;1\/1&#8243; tablet_width_inherit=&#8221;default&#8221; tablet_text_alignment=&#8221;default&#8221; phone_text_alignment=&#8221;default&#8221; column_border_width=&#8221;none&#8221; column_border_style=&#8221;solid&#8221; bg_image_animation=&#8221;none&#8221; enable_animation=&#8221;true&#8221; animation=&#8221;flip-in-vertical&#8221;][vc_column_text css=&#8221;.vc_custom_1612282259499{margin-top: 30px !important;margin-bottom: 30px !important;}&#8221;]Veuillez s\u2019il vous pla\u00eet indiquer dans le formulaire si vous \u00eates un :<\/p>\n<ul>\n<li>ORGANISME PUBLIC<br \/>\nJe travaille sur des questions de d\u00e9veloppement \u00e9conomique et je souhaite participer aux travaux men\u00e9s dans le cadre de COMPET&#8217;plus.<\/li>\n<li>ENTREPRISE, CLUSTER<br \/>\nJ&#8217;appartiens au secteur productif et je m&#8217;int\u00e9resse aux strat\u00e9gies transfrontali\u00e8res de d\u00e9veloppement \u00e9conomique.<\/li>\n<li>UNIVERSIT\u00c9, UN CENTRE TECHNIQUE<br \/>\nJ&#8217;appartiens au secteur de l&#8217;enseignement et je r\u00e9alise des travaux de recherche et d&#8217;innovation qui peuvent s&#8217;inscrire dans les th\u00e8mes retenus par le projet COMPET&#8217;plus.<\/li>\n<li>CITOYEN.NE<br \/>\nActeur\/actrice de la soci\u00e9t\u00e9 civile, je me sens impliqu\u00e9.e dans les questions \u00e9conomiques. J&#8217;aimerais participer aux travaux men\u00e9s dans le cadre de COMPET&#8217;plus.<\/li>\n<\/ul>\n[\/vc_column_text][\/vc_column][\/vc_row][vc_row type=&#8221;full_width_background&#8221; full_screen_row_position=&#8221;middle&#8221; column_margin=&#8221;default&#8221; column_direction=&#8221;default&#8221; column_direction_tablet=&#8221;default&#8221; column_direction_phone=&#8221;default&#8221; scene_position=&#8221;center&#8221; top_padding=&#8221;70&#8243; bottom_padding=&#8221;60&#8243; text_color=&#8221;dark&#8221; text_align=&#8221;left&#8221; row_border_radius=&#8221;none&#8221; row_border_radius_applies=&#8221;bg&#8221; overlay_strength=&#8221;0.3&#8243; gradient_direction=&#8221;left_to_right&#8221; shape_divider_position=&#8221;bottom&#8221; bg_image_animation=&#8221;none&#8221; shape_type=&#8221;&#8221;][vc_column column_padding=&#8221;no-extra-padding&#8221; column_padding_tablet=&#8221;inherit&#8221; column_padding_phone=&#8221;inherit&#8221; column_padding_position=&#8221;all&#8221; background_color_opacity=&#8221;1&#8243; background_hover_color_opacity=&#8221;1&#8243; column_shadow=&#8221;none&#8221; column_border_radius=&#8221;none&#8221; column_link_target=&#8221;_self&#8221; gradient_direction=&#8221;left_to_right&#8221; overlay_strength=&#8221;0.3&#8243; width=&#8221;1\/1&#8243; tablet_width_inherit=&#8221;default&#8221; tablet_text_alignment=&#8221;default&#8221; phone_text_alignment=&#8221;default&#8221; column_border_width=&#8221;none&#8221; column_border_style=&#8221;solid&#8221; bg_image_animation=&#8221;none&#8221;]<div role=\"form\" class=\"wpcf7\" id=\"wpcf7-f4687-o1\" lang=\"es-ES\" dir=\"ltr\">\n<div class=\"screen-reader-response\"><p role=\"status\" aria-live=\"polite\" aria-atomic=\"true\"><\/p> <ul><\/ul><\/div>\n<form action=\"\/fr\/wp-json\/wp\/v2\/pages\/4684#wpcf7-f4687-o1\" method=\"post\" class=\"wpcf7-form init\" novalidate=\"novalidate\" data-status=\"init\">\n<div style=\"display: none;\">\n<input type=\"hidden\" name=\"_wpcf7\" value=\"4687\" \/>\n<input type=\"hidden\" name=\"_wpcf7_version\" value=\"5.6.1\" \/>\n<input type=\"hidden\" name=\"_wpcf7_locale\" value=\"es_ES\" \/>\n<input type=\"hidden\" name=\"_wpcf7_unit_tag\" value=\"wpcf7-f4687-o1\" \/>\n<input type=\"hidden\" name=\"_wpcf7_container_post\" value=\"0\" \/>\n<input type=\"hidden\" name=\"_wpcf7_posted_data_hash\" value=\"\" \/>\n<input type=\"hidden\" name=\"_wpcf7_recaptcha_response\" value=\"\" \/>\n<\/div>\n<div class=\"row\">\n<div class=\"span_4 col\"> <label>Indiquer votre organisme\/entreprise <span>*<\/span><\/label><br \/>\n        <span class=\"wpcf7-form-control-wrap\" data-name=\"organismo\"><select name=\"organismo\" class=\"wpcf7-form-control wpcf7-select wpcf7-validates-as-required\" aria-required=\"true\" aria-invalid=\"false\"><option value=\"\">---<\/option><option value=\"Je suis un organisme public\">Je suis un organisme public<\/option><option value=\"Je suis une entreprise, un cluster\">Je suis une entreprise, un cluster<\/option><option value=\"Je suis une universit\u00e9, un centre technique\">Je suis une universit\u00e9, un centre technique<\/option><option value=\"Je suis un.e citoyen.ne\">Je suis un.e citoyen.ne<\/option><\/select><\/span>\n    <\/div>\n<div class=\"span_4 col\"><label>Secteur <span>*<\/span><\/label><br \/>\n        <span class=\"wpcf7-form-control-wrap\" data-name=\"sector\"><input type=\"text\" name=\"sector\" value=\"\" size=\"40\" class=\"wpcf7-form-control wpcf7-text wpcf7-validates-as-required\" aria-required=\"true\" aria-invalid=\"false\" \/><\/span>\n    <\/div>\n<div class=\"span_4 col\"> <label>Pr\u00e9nom <span>*<\/span><\/label><br \/>\n        <span class=\"wpcf7-form-control-wrap\" data-name=\"nombre\"><input type=\"text\" name=\"nombre\" value=\"\" size=\"40\" class=\"wpcf7-form-control wpcf7-text wpcf7-validates-as-required\" aria-required=\"true\" aria-invalid=\"false\" \/><\/span>\n    <\/div>\n<\/div>\n<div class=\"row\">\n<div class=\"span_4 col\"> <label>Nom de famille <span>*<\/span><\/label><br \/>\n        <span class=\"wpcf7-form-control-wrap\" data-name=\"apellido\"><input type=\"text\" name=\"apellido\" value=\"\" size=\"40\" class=\"wpcf7-form-control wpcf7-text wpcf7-validates-as-required\" aria-required=\"true\" aria-invalid=\"false\" \/><\/span>\n    <\/div>\n<div class=\"span_4 col\"> <label>Intitul\u00e9 du poste\/Fonction <span>*<\/span><\/label><br \/>\n        <span class=\"wpcf7-form-control-wrap\" data-name=\"cargo\"><input type=\"text\" name=\"cargo\" value=\"\" size=\"40\" class=\"wpcf7-form-control wpcf7-text wpcf7-validates-as-required\" aria-required=\"true\" aria-invalid=\"false\" \/><\/span>\n    <\/div>\n<div class=\"span_4 col\"><label>T\u00e9l\u00e9phone <span>*<\/span><\/label><br \/>\n        <span class=\"wpcf7-form-control-wrap\" data-name=\"telefono\"><input type=\"tel\" name=\"telefono\" value=\"\" size=\"40\" class=\"wpcf7-form-control wpcf7-text wpcf7-tel wpcf7-validates-as-required wpcf7-validates-as-tel\" aria-required=\"true\" aria-invalid=\"false\" \/><\/span>\n    <\/div>\n<\/div>\n<div class=\"row\">\n<div class=\"span_4 col\"> <label>Courriel <span>*<\/span><\/label><br \/>\n        <span class=\"wpcf7-form-control-wrap\" data-name=\"email\"><input type=\"email\" name=\"email\" value=\"\" size=\"40\" class=\"wpcf7-form-control wpcf7-text wpcf7-email wpcf7-validates-as-required wpcf7-validates-as-email\" aria-required=\"true\" aria-invalid=\"false\" \/><\/span>\n    <\/div>\n<div class=\"span_4 col\"><label>Territoire <span>*<\/span><\/label><br \/>\n        <span class=\"wpcf7-form-control-wrap\" data-name=\"territorio\"><select name=\"territorio\" class=\"wpcf7-form-control wpcf7-select wpcf7-validates-as-required\" aria-required=\"true\" aria-invalid=\"false\"><option value=\"\">---<\/option><option value=\"Nouvelle-Aquitaine\">Nouvelle-Aquitaine<\/option><option value=\"Euskadi\">Euskadi<\/option><option value=\"Navarre\">Navarre<\/option><\/select><\/span>\n    <\/div>\n<div class=\"span_4 col\"> <label>Ville <span>*<\/span><\/label><br \/>\n        <span class=\"wpcf7-form-control-wrap\" data-name=\"ciudad\"><input type=\"text\" name=\"ciudad\" value=\"\" size=\"40\" class=\"wpcf7-form-control wpcf7-text wpcf7-validates-as-required\" aria-required=\"true\" aria-invalid=\"false\" \/><\/span>\n    <\/div>\n<\/div>\n<div class=\"row\">\n<div class=\"span_4 col\"><label>Langue (\u00e0 choisir) <span>*<\/span><\/label><br \/>\n        <span class=\"wpcf7-form-control-wrap\" data-name=\"idioma\"><select name=\"idioma\" class=\"wpcf7-form-control wpcf7-select wpcf7-validates-as-required\" aria-required=\"true\" aria-invalid=\"false\"><option value=\"\">---<\/option><option value=\"Espagnol\">Espagnol<\/option><option value=\"Fran\u00e7ais\">Fran\u00e7ais<\/option><option value=\"Basque\">Basque<\/option><\/select><\/span>\n    <\/div>\n<div class=\"span_8 col\"><label>Sujets s\u00e9lectionn\u00e9s par COMPET'Plus <span>*<\/span><\/label><br \/>\n        <span class=\"wpcf7-form-control-wrap\" data-name=\"tematica\"><select name=\"tematica[]\" class=\"wpcf7-form-control wpcf7-select wpcf7-validates-as-required\" aria-required=\"true\" aria-invalid=\"false\" multiple=\"multiple\"><option value=\"\u00c9lectromobilit\u00e9 \u00e9lectrique et hydrog\u00e8ne\">\u00c9lectromobilit\u00e9 \u00e9lectrique et hydrog\u00e8ne<\/option><option value=\"Hybridation des \u00e9nergies\">Hybridation des \u00e9nergies<\/option><option value=\"Alimentation saine dans la restauration collective\">Alimentation saine dans la restauration collective<\/option><option value=\"Technologies num\u00e9riques cr\u00e9atives pour applications industrielles\">Technologies num\u00e9riques cr\u00e9atives pour applications industrielles<\/option><\/select><\/span>\n    <\/div>\n<\/div>\n<p><label>Message <span>*<\/span><\/label><br \/>\n    <span class=\"wpcf7-form-control-wrap\" data-name=\"mensaje\"><textarea name=\"mensaje\" cols=\"40\" rows=\"10\" class=\"wpcf7-form-control wpcf7-textarea wpcf7-validates-as-required\" aria-required=\"true\" aria-invalid=\"false\"><\/textarea><\/span>\n<\/p>\n<p style=\"padding-bottom: 0px;\">\n    <input type=\"submit\" value=\"Envoyer\" class=\"wpcf7-form-control has-spinner wpcf7-submit\" \/>\n<\/p>\n<div class=\"wpcf7-response-output wpcf7-display-none\"><\/div>\n<div class=\"wpcf7-response-output\" aria-hidden=\"true\"><\/div><\/form><\/div>[vc_column_text css=&#8221;.vc_custom_1612345525431{margin-top: 30px !important;margin-bottom: 30px !important;}&#8221;]NOTE: Vous pouvez <strong>s\u00e9lectionner plusieures th\u00e9matiques<\/strong> en appuyant sur la touche CTRL au fur et \u00e0 mesure que vous cliquez.[\/vc_column_text][\/vc_column][\/vc_row][vc_row type=&#8221;full_width_content&#8221; full_screen_row_position=&#8221;middle&#8221; column_margin=&#8221;default&#8221; equal_height=&#8221;yes&#8221; content_placement=&#8221;middle&#8221; column_direction=&#8221;default&#8221; column_direction_tablet=&#8221;default&#8221; column_direction_phone=&#8221;default&#8221; bg_color=&#8221;#de2551&#8243; scene_position=&#8221;center&#8221; top_padding=&#8221;48px&#8221; bottom_padding=&#8221;48px&#8221; text_color=&#8221;dark&#8221; text_align=&#8221;center&#8221; row_border_radius=&#8221;none&#8221; row_border_radius_applies=&#8221;bg&#8221; id=&#8221;creative-services&#8221; overlay_strength=&#8221;0.3&#8243; gradient_direction=&#8221;left_to_right&#8221; shape_divider_position=&#8221;bottom&#8221; bg_image_animation=&#8221;none&#8221; shape_type=&#8221;&#8221;][vc_column column_padding=&#8221;padding-2-percent&#8221; column_padding_tablet=&#8221;inherit&#8221; column_padding_phone=&#8221;inherit&#8221; column_padding_position=&#8221;right&#8221; background_color_opacity=&#8221;1&#8243; background_hover_color_opacity=&#8221;1&#8243; column_shadow=&#8221;none&#8221; column_border_radius=&#8221;none&#8221; column_link_target=&#8221;_self&#8221; gradient_direction=&#8221;left_to_right&#8221; overlay_strength=&#8221;0.3&#8243; width=&#8221;1\/1&#8243; tablet_width_inherit=&#8221;default&#8221; tablet_text_alignment=&#8221;default&#8221; phone_text_alignment=&#8221;default&#8221; column_border_width=&#8221;none&#8221; column_border_style=&#8221;solid&#8221; bg_image_animation=&#8221;none&#8221;][vc_custom_heading text=&#8221;INSCRIVEZ-VOUS \u00c0 NOTRE NEWSLETTER&#8221; font_container=&#8221;tag:h2|text_align:center|color:%23ffffff|line_height:50px&#8221; use_theme_fonts=&#8221;yes&#8221; css=&#8221;.vc_custom_1611583988748{margin-bottom: 16px !important;}&#8221; el_class=&#8221;encabezado-newsletter&#8221;][vc_column_text el_class=&#8221;newsletter-description&#8221; css=&#8221;.vc_custom_1611584003424{margin-bottom: 12px !important;}&#8221;]Nous produisons r\u00e9guli\u00e8rement des newsletters contenant les derni\u00e8res actualit\u00e9s et activit\u00e9s du projet et aussi bien d\u2019autres contenus d\u2019int\u00e9r\u00eat.[\/vc_column_text][vc_raw_html el_id=&#8221;newsletter-form&#8221;]JTNDZm9ybSUyMGlkJTNEJTIybmV3X3N1YnNjcmliZXIlMjIlMjBjbGFzcyUzRCUyMnNpbXBsZV9mb3JtJTIwZm9ybSUyMGZvcm0tdmVydGljYWwlMjIlMjBhY2NlcHQtY2hhcnNldCUzRCUyMlVURi04JTIyJTIwYWN0aW9uJTNEJTIyaHR0cHMlM0ElMkYlMkZjb21wZXRwbHVzLmlwem1hcmtldGluZy5jb20lMkZmJTJGTGVMcE9XTWZRX0ElMjIlMjBtZXRob2QlM0QlMjJwb3N0JTIyJTNFJTNDaW5wdXQlMjBuYW1lJTNEJTIydXRmOCUyMiUyMHR5cGUlM0QlMjJoaWRkZW4lMjIlMjB2YWx1ZSUzRCUyMiVFMiU5QyU5MyUyMiUyMCUyRiUzRSUwQSUzQ2RpdiUyMGNsYXNzJTNEJTIyZm9ybS1ncm91cCUyMHN0cmluZyUyMG9wdGlvbmFsJTIwc3Vic2NyaWJlcl9jdXN0b21fZmllbGRzXzMlMjIlM0UlM0NsYWJlbCUyMGNsYXNzJTNEJTIyY29udHJvbC1sYWJlbCUyMHN0cmluZyUyMHJlcXVpcmVkJTIyJTIwZm9yJTNEJTIyc3Vic2NyaWJlcl9jdXN0b21fZmllbGRzXzMlMjIlM0UlM0NhYmJyJTIwdGl0bGUlM0QlMjJSZXF1ZXJpZG8lMjIlM0UlMjAlM0MlMkZhYmJyJTNFRW50cmVwcmlzZSUzQyUyRmxhYmVsJTNFJTBBJTNDaW5wdXQlMjBpZCUzRCUyMnN1YnNjcmliZXJfY3VzdG9tX2ZpZWxkc18zJTIyJTIwY2xhc3MlM0QlMjJmb3JtLWNvbnRyb2wlMjBzdHJpbmclMjBvcHRpb25hbCUyMiUyMG5hbWUlM0QlMjJzdWJzY3JpYmVyJTVCY3VzdG9tX2ZpZWxkcyU1RCU1QjMlNUQlMjIlMjB0eXBlJTNEJTIydGV4dCUyMiUyMCUyRiUzRSUzQyUyRmRpdiUzRSUwQSUzQ2RpdiUyMGNsYXNzJTNEJTIyZm9ybS1ncm91cCUyMHN0cmluZyUyMHJlcXVpcmVkJTIwc3Vic2NyaWJlcl9uYW1lJTIyJTNFJTNDbGFiZWwlMjBjbGFzcyUzRCUyMmNvbnRyb2wtbGFiZWwlMjBzdHJpbmclMjByZXF1aXJlZCUyMiUyMGZvciUzRCUyMnN1YnNjcmliZXJfbmFtZSUyMiUzRVByJUMzJUE5bm9tLU5vbSUzQyUyRmxhYmVsJTNFJTBBJTNDaW5wdXQlMjBpZCUzRCUyMnN1YnNjcmliZXJfbmFtZSUyMiUyMGNsYXNzJTNEJTIyZm9ybS1jb250cm9sJTIwc3RyaW5nJTIwcmVxdWlyZWQlMjIlMjBuYW1lJTNEJTIyc3Vic2NyaWJlciU1Qm5hbWUlNUQlMjIlMjB0eXBlJTNEJTIydGV4dCUyMiUyMCUyRiUzRSUzQyUyRmRpdiUzRSUwQSUzQ2RpdiUyMGNsYXNzJTNEJTIyZm9ybS1ncm91cCUyMGVtYWlsJTIwcmVxdWlyZWQlMjBzdWJzY3JpYmVyX2VtYWlsJTIyJTNFJTNDbGFiZWwlMjBjbGFzcyUzRCUyMmNvbnRyb2wtbGFiZWwlMjBlbWFpbCUyMHJlcXVpcmVkJTIyJTIwZm9yJTNEJTIyc3Vic2NyaWJlcl9lbWFpbCUyMiUzRSUzQ2FiYnIlMjB0aXRsZSUzRCUyMlJlcXVlcmlkbyUyMiUzRSUyMCUzQyUyRmFiYnIlM0UlMjBFbWFpbCUzQyUyRmxhYmVsJTNFJTBBJTNDaW5wdXQlMjBpZCUzRCUyMnN1YnNjcmliZXJfZW1haWwlMjIlMjBjbGFzcyUzRCUyMmZvcm0tY29udHJvbCUyMHN0cmluZyUyMGVtYWlsJTIwcmVxdWlyZWQlMjIlMjBuYW1lJTNEJTIyc3Vic2NyaWJlciU1QmVtYWlsJTVEJTIyJTIwcmVxdWlyZWQlM0QlMjJyZXF1aXJlZCUyMiUyMHR5cGUlM0QlMjJlbWFpbCUyMiUyMGFyaWEtcmVxdWlyZWQlM0QlMjJ0cnVlJTIyJTIwJTJGJTNFJTNDJTJGZGl2JTNFJTBBJTNDaW5wdXQlMjBpZCUzRCUyMmFub3RoZXJlbWFpbCUyMiUyMHN0eWxlJTNEJTIycG9zaXRpb24lM0ElMjBhYnNvbHV0ZSUzQiUyMGxlZnQlM0ElMjAtNTAwMHB4JTNCJTIyJTIwdGFiaW5kZXglM0QlMjItMSUyMiUyMGF1dG9jb21wbGV0ZSUzRCUyMm9mZiUyMiUyMG5hbWUlM0QlMjJhbm90aGVyZW1haWwlMjIlMjB0eXBlJTNEJTIydGV4dCUyMiUyMCUyRiUzRSUwQSUzQ2RpdiUyMGNsYXNzJTNEJTIyc3VibWl0LXdyYXBwZXIlMjIlM0UlM0NpbnB1dCUyMGNsYXNzJTNEJTIyYnRuJTIwYnRuLXByaW1hcnklMjIlMjBuYW1lJTNEJTIyY29tbWl0JTIyJTIwdHlwZSUzRCUyMnN1Ym1pdCUyMiUyMHZhbHVlJTNEJTIyRW52b3llciUyMiUyMGRhdGEtZGlzYWJsZS13aXRoJTNEJTIyUHJvY2VzYW5kbyUyMiUyMCUyRiUzRSUzQyUyRmRpdiUzRSUwQSUzQyUyRmZvcm0lM0U=[\/vc_raw_html][\/vc_column][\/vc_row]\n","protected":false},"excerpt":{"rendered":"<p>[vc_row type=&#8221;full_width_background&#8221; full_screen_row_position=&#8221;middle&#8221; column_margin=&#8221;default&#8221; equal_height=&#8221;yes&#8221; content_placement=&#8221;middle&#8221; column_direction=&#8221;default&#8221; column_direction_tablet=&#8221;default&#8221; column_direction_phone=&#8221;default&#8221; scene_position=&#8221;center&#8221; top_padding=&#8221;2%&#8221; bottom_padding=&#8221;2%&#8221; text_color=&#8221;light&#8221; text_align=&#8221;left&#8221; row_border_radius=&#8221;none&#8221; row_border_radius_applies=&#8221;bg&#8221; overlay_strength=&#8221;0.3&#8243; gradient_direction=&#8221;left_to_right&#8221; shape_divider_position=&#8221;bottom&#8221; bg_image_animation=&#8221;none&#8221; shape_type=&#8221;&#8221;][vc_column column_padding=&#8221;padding-2-percent&#8221; column_padding_tablet=&#8221;inherit&#8221; column_padding_phone=&#8221;inherit&#8221; column_padding_position=&#8221;all&#8221; background_color=&#8221;#95639f&#8221; background_color_opacity=&#8221;1&#8243; background_hover_color_opacity=&#8221;1&#8243; font_color=&#8221;#ffffff&#8221; column_shadow=&#8221;none&#8221;&#8230;<\/p>\n","protected":false},"author":1,"featured_media":0,"parent":0,"menu_order":12,"comment_status":"open","ping_status":"open","template":"","meta":[],"yoast_head":"<!-- This site is optimized with the Yoast SEO plugin v19.4 - https:\/\/yoast.com\/wordpress\/plugins\/seo\/ -->\n<title>Participer aux travaux du projet COMPET\u2019plus. 4 Th\u00e9matiques<\/title>\n<meta name=\"description\" content=\"Comment participer \u00e0 COMPET\u2019plus. Th\u00e9matiques: electro-mobilit\u00e9, hybridation \u00e9nerg\u00e9tique, alimentation saine, ICC pour les applications industrielles\" \/>\n<meta name=\"robots\" content=\"index, follow, max-snippet:-1, max-image-preview:large, max-video-preview:-1\" \/>\n<link rel=\"canonical\" href=\"https:\/\/competplus.eu\/fr\/comment-participer\/\" \/>\n<meta property=\"og:locale\" content=\"fr_FR\" \/>\n<meta property=\"og:type\" content=\"article\" \/>\n<meta property=\"og:title\" content=\"Participer aux travaux du projet COMPET\u2019plus. 4 Th\u00e9matiques\" \/>\n<meta property=\"og:description\" content=\"Comment participer \u00e0 COMPET\u2019plus. Th\u00e9matiques: electro-mobilit\u00e9, hybridation \u00e9nerg\u00e9tique, alimentation saine, ICC pour les applications industrielles\" \/>\n<meta property=\"og:url\" content=\"https:\/\/competplus.eu\/fr\/comment-participer\/\" \/>\n<meta property=\"og:site_name\" content=\"COMPET&#039;plus\" \/>\n<meta property=\"article:modified_time\" content=\"2021-02-17T19:06:41+00:00\" \/>\n<meta name=\"twitter:card\" content=\"summary_large_image\" \/>\n<meta name=\"twitter:label1\" content=\"Dur\u00e9e de lecture estim\u00e9e\" \/>\n\t<meta name=\"twitter:data1\" content=\"2 minutes\" \/>\n<script type=\"application\/ld+json\" class=\"yoast-schema-graph\">{\"@context\":\"https:\/\/schema.org\",\"@graph\":[{\"@type\":\"Organization\",\"@id\":\"https:\/\/competplus.eu\/#organization\",\"name\":\"COMPET\u2019plus\",\"url\":\"https:\/\/competplus.eu\/\",\"sameAs\":[],\"logo\":{\"@type\":\"ImageObject\",\"inLanguage\":\"fr-FR\",\"@id\":\"https:\/\/competplus.eu\/#\/schema\/logo\/image\/\",\"url\":\"https:\/\/competplus.eu\/wp-content\/uploads\/2020\/08\/logo_competplus.png\",\"contentUrl\":\"https:\/\/competplus.eu\/wp-content\/uploads\/2020\/08\/logo_competplus.png\",\"width\":250,\"height\":60,\"caption\":\"COMPET\u2019plus\"},\"image\":{\"@id\":\"https:\/\/competplus.eu\/#\/schema\/logo\/image\/\"}},{\"@type\":\"WebSite\",\"@id\":\"https:\/\/competplus.eu\/#website\",\"url\":\"https:\/\/competplus.eu\/\",\"name\":\"COMPET&#039;plus\",\"description\":\"Otro sitio realizado con WordPress\",\"publisher\":{\"@id\":\"https:\/\/competplus.eu\/#organization\"},\"potentialAction\":[{\"@type\":\"SearchAction\",\"target\":{\"@type\":\"EntryPoint\",\"urlTemplate\":\"https:\/\/competplus.eu\/?s={search_term_string}\"},\"query-input\":\"required name=search_term_string\"}],\"inLanguage\":\"fr-FR\"},{\"@type\":\"WebPage\",\"@id\":\"https:\/\/competplus.eu\/fr\/comment-participer\/\",\"url\":\"https:\/\/competplus.eu\/fr\/comment-participer\/\",\"name\":\"Participer aux travaux du projet COMPET\u2019plus. 4 Th\u00e9matiques\",\"isPartOf\":{\"@id\":\"https:\/\/competplus.eu\/#website\"},\"datePublished\":\"2021-01-25T10:00:59+00:00\",\"dateModified\":\"2021-02-17T19:06:41+00:00\",\"description\":\"Comment participer \u00e0 COMPET\u2019plus. Th\u00e9matiques: electro-mobilit\u00e9, hybridation \u00e9nerg\u00e9tique, alimentation saine, ICC pour les applications industrielles\",\"breadcrumb\":{\"@id\":\"https:\/\/competplus.eu\/fr\/comment-participer\/#breadcrumb\"},\"inLanguage\":\"fr-FR\",\"potentialAction\":[{\"@type\":\"ReadAction\",\"target\":[\"https:\/\/competplus.eu\/fr\/comment-participer\/\"]}]},{\"@type\":\"BreadcrumbList\",\"@id\":\"https:\/\/competplus.eu\/fr\/comment-participer\/#breadcrumb\",\"itemListElement\":[{\"@type\":\"ListItem\",\"position\":1,\"name\":\"Accueil\",\"item\":\"https:\/\/competplus.eu\/fr\/\"},{\"@type\":\"ListItem\",\"position\":2,\"name\":\"Comment participer ?\"}]}]}<\/script>\n<!-- \/ Yoast SEO plugin. -->","yoast_head_json":{"title":"Participer aux travaux du projet COMPET\u2019plus. 4 Th\u00e9matiques","description":"Comment participer \u00e0 COMPET\u2019plus. Th\u00e9matiques: electro-mobilit\u00e9, hybridation \u00e9nerg\u00e9tique, alimentation saine, ICC pour les applications industrielles","robots":{"index":"index","follow":"follow","max-snippet":"max-snippet:-1","max-image-preview":"max-image-preview:large","max-video-preview":"max-video-preview:-1"},"canonical":"https:\/\/competplus.eu\/fr\/comment-participer\/","og_locale":"fr_FR","og_type":"article","og_title":"Participer aux travaux du projet COMPET\u2019plus. 4 Th\u00e9matiques","og_description":"Comment participer \u00e0 COMPET\u2019plus. Th\u00e9matiques: electro-mobilit\u00e9, hybridation \u00e9nerg\u00e9tique, alimentation saine, ICC pour les applications industrielles","og_url":"https:\/\/competplus.eu\/fr\/comment-participer\/","og_site_name":"COMPET&#039;plus","article_modified_time":"2021-02-17T19:06:41+00:00","twitter_card":"summary_large_image","twitter_misc":{"Dur\u00e9e de lecture estim\u00e9e":"2 minutes"},"schema":{"@context":"https:\/\/schema.org","@graph":[{"@type":"Organization","@id":"https:\/\/competplus.eu\/#organization","name":"COMPET\u2019plus","url":"https:\/\/competplus.eu\/","sameAs":[],"logo":{"@type":"ImageObject","inLanguage":"fr-FR","@id":"https:\/\/competplus.eu\/#\/schema\/logo\/image\/","url":"https:\/\/competplus.eu\/wp-content\/uploads\/2020\/08\/logo_competplus.png","contentUrl":"https:\/\/competplus.eu\/wp-content\/uploads\/2020\/08\/logo_competplus.png","width":250,"height":60,"caption":"COMPET\u2019plus"},"image":{"@id":"https:\/\/competplus.eu\/#\/schema\/logo\/image\/"}},{"@type":"WebSite","@id":"https:\/\/competplus.eu\/#website","url":"https:\/\/competplus.eu\/","name":"COMPET&#039;plus","description":"Otro sitio realizado con WordPress","publisher":{"@id":"https:\/\/competplus.eu\/#organization"},"potentialAction":[{"@type":"SearchAction","target":{"@type":"EntryPoint","urlTemplate":"https:\/\/competplus.eu\/?s={search_term_string}"},"query-input":"required name=search_term_string"}],"inLanguage":"fr-FR"},{"@type":"WebPage","@id":"https:\/\/competplus.eu\/fr\/comment-participer\/","url":"https:\/\/competplus.eu\/fr\/comment-participer\/","name":"Participer aux travaux du projet COMPET\u2019plus. 4 Th\u00e9matiques","isPartOf":{"@id":"https:\/\/competplus.eu\/#website"},"datePublished":"2021-01-25T10:00:59+00:00","dateModified":"2021-02-17T19:06:41+00:00","description":"Comment participer \u00e0 COMPET\u2019plus. Th\u00e9matiques: electro-mobilit\u00e9, hybridation \u00e9nerg\u00e9tique, alimentation saine, ICC pour les applications industrielles","breadcrumb":{"@id":"https:\/\/competplus.eu\/fr\/comment-participer\/#breadcrumb"},"inLanguage":"fr-FR","potentialAction":[{"@type":"ReadAction","target":["https:\/\/competplus.eu\/fr\/comment-participer\/"]}]},{"@type":"BreadcrumbList","@id":"https:\/\/competplus.eu\/fr\/comment-participer\/#breadcrumb","itemListElement":[{"@type":"ListItem","position":1,"name":"Accueil","item":"https:\/\/competplus.eu\/fr\/"},{"@type":"ListItem","position":2,"name":"Comment participer ?"}]}]}},"_links":{"self":[{"href":"https:\/\/competplus.eu\/fr\/wp-json\/wp\/v2\/pages\/4684"}],"collection":[{"href":"https:\/\/competplus.eu\/fr\/wp-json\/wp\/v2\/pages"}],"about":[{"href":"https:\/\/competplus.eu\/fr\/wp-json\/wp\/v2\/types\/page"}],"author":[{"embeddable":true,"href":"https:\/\/competplus.eu\/fr\/wp-json\/wp\/v2\/users\/1"}],"replies":[{"embeddable":true,"href":"https:\/\/competplus.eu\/fr\/wp-json\/wp\/v2\/comments?post=4684"}],"version-history":[{"count":9,"href":"https:\/\/competplus.eu\/fr\/wp-json\/wp\/v2\/pages\/4684\/revisions"}],"predecessor-version":[{"id":5164,"href":"https:\/\/competplus.eu\/fr\/wp-json\/wp\/v2\/pages\/4684\/revisions\/5164"}],"wp:attachment":[{"href":"https:\/\/competplus.eu\/fr\/wp-json\/wp\/v2\/media?parent=4684"}],"curies":[{"name":"wp","href":"https:\/\/api.w.org\/{rel}","templated":true}]}}