{"id":4749,"date":"2020-09-01T12:42:34","date_gmt":"2020-09-01T10:42:34","guid":{"rendered":"https:\/\/competplus.eu\/actualites\/"},"modified":"2021-03-12T19:36:48","modified_gmt":"2021-03-12T17:36:48","slug":"actualites","status":"publish","type":"page","link":"https:\/\/competplus.eu\/fr\/actualites\/","title":{"rendered":"Actualit\u00e9s"},"content":{"rendered":"[vc_row type=&#8221;full_width_background&#8221; full_screen_row_position=&#8221;middle&#8221; column_margin=&#8221;default&#8221; column_direction=&#8221;default&#8221; column_direction_tablet=&#8221;default&#8221; column_direction_phone=&#8221;default&#8221; bg_color=&#8221;#f6f6f6&#8243; scene_position=&#8221;center&#8221; top_padding=&#8221;0&#8243; text_color=&#8221;dark&#8221; text_align=&#8221;left&#8221; row_border_radius=&#8221;none&#8221; row_border_radius_applies=&#8221;bg&#8221; overlay_strength=&#8221;0.3&#8243; gradient_direction=&#8221;left_to_right&#8221; shape_divider_position=&#8221;bottom&#8221; bg_image_animation=&#8221;none&#8221; shape_type=&#8221;&#8221;][vc_column column_padding=&#8221;no-extra-padding&#8221; column_padding_tablet=&#8221;inherit&#8221; column_padding_phone=&#8221;inherit&#8221; column_padding_position=&#8221;all&#8221; background_color_opacity=&#8221;1&#8243; background_hover_color_opacity=&#8221;1&#8243; column_shadow=&#8221;none&#8221; column_border_radius=&#8221;none&#8221; column_link_target=&#8221;_self&#8221; gradient_direction=&#8221;left_to_right&#8221; overlay_strength=&#8221;0.3&#8243; width=&#8221;1\/1&#8243; tablet_width_inherit=&#8221;default&#8221; tablet_text_alignment=&#8221;default&#8221; phone_text_alignment=&#8221;default&#8221; column_border_width=&#8221;none&#8221; column_border_style=&#8221;solid&#8221; bg_image_animation=&#8221;none&#8221;][vc_custom_heading text=&#8221;NOUVELLES DE COMPET&#8217;PLUS&#8221; font_container=&#8221;tag:h1|font_size:31|text_align:center|color:%23262626&#8243; use_theme_fonts=&#8221;yes&#8221; css=&#8221;.vc_custom_1611826130021{margin-bottom: 16px !important;}&#8221;][\/vc_column][\/vc_row][vc_row type=&#8221;full_width_background&#8221; full_screen_row_position=&#8221;middle&#8221; column_margin=&#8221;default&#8221; column_direction=&#8221;default&#8221; column_direction_tablet=&#8221;default&#8221; column_direction_phone=&#8221;default&#8221; bg_color=&#8221;#f6f6f6&#8243; scene_position=&#8221;center&#8221; top_padding=&#8221;2%&#8221; text_color=&#8221;dark&#8221; text_align=&#8221;left&#8221; row_border_radius=&#8221;none&#8221; row_border_radius_applies=&#8221;bg&#8221; overlay_strength=&#8221;0.3&#8243; gradient_direction=&#8221;left_to_right&#8221; shape_divider_position=&#8221;bottom&#8221; bg_image_animation=&#8221;none&#8221; shape_type=&#8221;&#8221;][vc_column column_padding=&#8221;no-extra-padding&#8221; column_padding_tablet=&#8221;inherit&#8221; column_padding_phone=&#8221;inherit&#8221; column_padding_position=&#8221;all&#8221; background_color_opacity=&#8221;1&#8243; background_hover_color_opacity=&#8221;1&#8243; column_shadow=&#8221;none&#8221; column_border_radius=&#8221;none&#8221; column_link_target=&#8221;_self&#8221; gradient_direction=&#8221;left_to_right&#8221; overlay_strength=&#8221;0.3&#8243; width=&#8221;1\/1&#8243; tablet_width_inherit=&#8221;default&#8221; tablet_text_alignment=&#8221;default&#8221; phone_text_alignment=&#8221;default&#8221; column_border_width=&#8221;none&#8221; column_border_style=&#8221;solid&#8221; bg_image_animation=&#8221;none&#8221;][nectar_blog layout=&#8221;masonry-blog-sidebar&#8221; blog_masonry_style=&#8221;classic&#8221; load_in_animation=&#8221;perspective&#8221; category=&#8221;&#8221; enable_pagination=&#8221;true&#8221; pagination_type=&#8221;default&#8221; order=&#8221;DESC&#8221; orderby=&#8221;date&#8221; blog_remove_post_date=&#8221;true&#8221; blog_remove_post_author=&#8221;true&#8221; blog_remove_post_comment_number=&#8221;true&#8221; blog_remove_post_nectar_love=&#8221;true&#8221; posts_per_page=&#8221;9&#8243;][\/vc_column][\/vc_row][vc_row type=&#8221;full_width_content&#8221; full_screen_row_position=&#8221;middle&#8221; column_margin=&#8221;default&#8221; equal_height=&#8221;yes&#8221; content_placement=&#8221;middle&#8221; column_direction=&#8221;default&#8221; column_direction_tablet=&#8221;default&#8221; column_direction_phone=&#8221;default&#8221; bg_color=&#8221;#de2551&#8243; scene_position=&#8221;center&#8221; top_padding=&#8221;48px&#8221; bottom_padding=&#8221;48px&#8221; text_color=&#8221;dark&#8221; text_align=&#8221;center&#8221; row_border_radius=&#8221;none&#8221; row_border_radius_applies=&#8221;bg&#8221; id=&#8221;creative-services&#8221; overlay_strength=&#8221;0.3&#8243; gradient_direction=&#8221;left_to_right&#8221; shape_divider_position=&#8221;bottom&#8221; bg_image_animation=&#8221;none&#8221; shape_type=&#8221;&#8221;][vc_column column_padding=&#8221;padding-2-percent&#8221; column_padding_tablet=&#8221;inherit&#8221; column_padding_phone=&#8221;inherit&#8221; column_padding_position=&#8221;right&#8221; background_color_opacity=&#8221;1&#8243; background_hover_color_opacity=&#8221;1&#8243; column_shadow=&#8221;none&#8221; column_border_radius=&#8221;none&#8221; column_link_target=&#8221;_self&#8221; gradient_direction=&#8221;left_to_right&#8221; overlay_strength=&#8221;0.3&#8243; width=&#8221;1\/1&#8243; tablet_width_inherit=&#8221;default&#8221; tablet_text_alignment=&#8221;default&#8221; phone_text_alignment=&#8221;default&#8221; column_border_width=&#8221;none&#8221; column_border_style=&#8221;solid&#8221; bg_image_animation=&#8221;none&#8221;][vc_custom_heading text=&#8221;INSCRIVEZ-VOUS \u00c0 NOTRE NEWSLETTER&#8221; font_container=&#8221;tag:h2|text_align:center|color:%23ffffff|line_height:50px&#8221; use_theme_fonts=&#8221;yes&#8221; css=&#8221;.vc_custom_1601030589863{margin-bottom: 16px !important;}&#8221; el_class=&#8221;encabezado-newsletter&#8221;][vc_column_text el_class=&#8221;newsletter-description&#8221; css=&#8221;.vc_custom_1601030852967{margin-bottom: 12px !important;}&#8221;]Nous produisons r\u00e9guli\u00e8rement des newsletters contenant les derni\u00e8res actualit\u00e9s et activit\u00e9s du projet et aussi bien d\u2019autres contenus d\u2019int\u00e9r\u00eat.[\/vc_column_text][vc_raw_html el_id=&#8221;newsletter-form&#8221;]JTNDZm9ybSUyMGNsYXNzJTNEJTIyc2ltcGxlX2Zvcm0lMjBmb3JtJTIwZm9ybS12ZXJ0aWNhbCUyMiUyMGlkJTNEJTIybmV3X3N1YnNjcmliZXIlMjIlMjBhY3Rpb24lM0QlMjJodHRwcyUzQSUyRiUyRmNvbXBldHBsdXMuaXB6bWFya2V0aW5nLmNvbSUyRmYlMkZMZUxwT1dNZlFfQSUyMiUyMGFjY2VwdC1jaGFyc2V0JTNEJTIyVVRGLTglMjIlMjBtZXRob2QlM0QlMjJwb3N0JTIyJTNFJTBBJTA5JTNDaW5wdXQlMjBuYW1lJTNEJTIydXRmOCUyMiUyMHR5cGUlM0QlMjJoaWRkZW4lMjIlMjB2YWx1ZSUzRCUyMiUyNiUyM3gyNzEzJTNCJTIyJTIwJTJGJTNFJTBBJTBBJTA5JTNDZGl2JTIwY2xhc3MlM0QlMjJmb3JtLWdyb3VwJTIwc3RyaW5nJTIwb3B0aW9uYWwlMjBzdWJzY3JpYmVyX2N1c3RvbV9maWVsZHNfMyUyMiUzRSUwQSUwOSUwOSUzQ2xhYmVsJTIwY2xhc3MlM0QlMjJjb250cm9sLWxhYmVsJTIwc3RyaW5nJTIwcmVxdWlyZWQlMjIlMjBmb3IlM0QlMjJzdWJzY3JpYmVyX2N1c3RvbV9maWVsZHNfMyUyMiUzRSUzQ2FiYnIlMjB0aXRsZSUzRCUyMlJlcXVlcmlkbyUyMiUzRSUyMCUzQyUyRmFiYnIlM0VFbnRyZXByaXNlJTNDJTJGbGFiZWwlM0UlMEElMDklMDklM0NpbnB1dCUyMGNsYXNzJTNEJTIyZm9ybS1jb250cm9sJTIwc3RyaW5nJTIwb3B0aW9uYWwlMjIlMjB0eXBlJTNEJTIydGV4dCUyMiUyMG5hbWUlM0QlMjJzdWJzY3JpYmVyJTVCY3VzdG9tX2ZpZWxkcyU1RCU1QjMlNUQlMjIlMjBpZCUzRCUyMnN1YnNjcmliZXJfY3VzdG9tX2ZpZWxkc18zJTIyJTIwJTJGJTNFJTBBJTA5JTNDJTJGZGl2JTNFJTBBJTBBJTA5JTNDZGl2JTIwY2xhc3MlM0QlMjJmb3JtLWdyb3VwJTIwc3RyaW5nJTIwcmVxdWlyZWQlMjBzdWJzY3JpYmVyX25hbWUlMjIlM0UlMEElMDklMDklM0NsYWJlbCUyMGNsYXNzJTNEJTIyY29udHJvbC1sYWJlbCUyMHN0cmluZyUyMHJlcXVpcmVkJTIyJTIwZm9yJTNEJTIyc3Vic2NyaWJlcl9uYW1lJTIyJTNFUHIlQzMlQTlub20tTm9tJTNDJTJGbGFiZWwlM0UlMEElMDklMDklM0NpbnB1dCUyMGNsYXNzJTNEJTIyZm9ybS1jb250cm9sJTIwc3RyaW5nJTIwcmVxdWlyZWQlMjIlMjB0eXBlJTNEJTIydGV4dCUyMiUyMG5hbWUlM0QlMjJzdWJzY3JpYmVyJTVCbmFtZSU1RCUyMiUyMGlkJTNEJTIyc3Vic2NyaWJlcl9uYW1lJTIyJTIwJTJGJTNFJTBBJTA5JTNDJTJGZGl2JTNFJTBBJTBBJTA5JTNDZGl2JTIwY2xhc3MlM0QlMjJmb3JtLWdyb3VwJTIwZW1haWwlMjByZXF1aXJlZCUyMHN1YnNjcmliZXJfZW1haWwlMjIlM0UlMEElMDklMDklM0NsYWJlbCUyMGNsYXNzJTNEJTIyY29udHJvbC1sYWJlbCUyMGVtYWlsJTIwcmVxdWlyZWQlMjIlMjBmb3IlM0QlMjJzdWJzY3JpYmVyX2VtYWlsJTIyJTNFJTNDYWJiciUyMHRpdGxlJTNEJTIyUmVxdWVyaWRvJTIyJTNFJTIwJTNDJTJGYWJiciUzRSUyMEVtYWlsJTNDJTJGbGFiZWwlM0UlMEElMDklMDklM0NpbnB1dCUyMGNsYXNzJTNEJTIyZm9ybS1jb250cm9sJTIwc3RyaW5nJTIwZW1haWwlMjByZXF1aXJlZCUyMiUyMHJlcXVpcmVkJTNEJTIycmVxdWlyZWQlMjIlMjBhcmlhLXJlcXVpcmVkJTNEJTIydHJ1ZSUyMiUyMHR5cGUlM0QlMjJlbWFpbCUyMiUyMG5hbWUlM0QlMjJzdWJzY3JpYmVyJTVCZW1haWwlNUQlMjIlMjBpZCUzRCUyMnN1YnNjcmliZXJfZW1haWwlMjIlMjAlMkYlM0UlMEElMDklM0MlMkZkaXYlM0UlMEElMDklM0NpbnB1dCUyMHR5cGUlM0QlMjJ0ZXh0JTIyJTIwbmFtZSUzRCUyMmFub3RoZXJlbWFpbCUyMiUyMGlkJTNEJTIyYW5vdGhlcmVtYWlsJTIyJTIwc3R5bGUlM0QlMjJwb3NpdGlvbiUzQSUyMGFic29sdXRlJTNCJTIwbGVmdCUzQSUyMC01MDAwcHglMjIlMjB0YWJpbmRleCUzRCUyMi0xJTIyJTIwYXV0b2NvbXBsZXRlJTNEJTIyb2ZmJTIyJTIwJTJGJTNFJTBBJTBBJTA5JTNDZGl2JTIwY2xhc3MlM0QlMjJzdWJtaXQtd3JhcHBlciUyMiUzRSUwQSUwOSUwOSUzQ2lucHV0JTIwdHlwZSUzRCUyMnN1Ym1pdCUyMiUyMG5hbWUlM0QlMjJjb21taXQlMjIlMjB2YWx1ZSUzRCUyMkVudm95ZXIlMjIlMjBjbGFzcyUzRCUyMmJ0biUyMGJ0bi1wcmltYXJ5JTIyJTIwZGF0YS1kaXNhYmxlLXdpdGglM0QlMjJQcm9jZXNhbmRvJTIyJTIwJTJGJTNFJTBBJTA5JTNDJTJGZGl2JTNFJTBBJTNDJTJGZm9ybSUzRQ==[\/vc_raw_html][\/vc_column][\/vc_row]\n","protected":false},"excerpt":{"rendered":"<p>[vc_row type=&#8221;full_width_background&#8221; full_screen_row_position=&#8221;middle&#8221; column_margin=&#8221;default&#8221; column_direction=&#8221;default&#8221; column_direction_tablet=&#8221;default&#8221; column_direction_phone=&#8221;default&#8221; bg_color=&#8221;#f6f6f6&#8243; scene_position=&#8221;center&#8221; top_padding=&#8221;0&#8243; text_color=&#8221;dark&#8221; text_align=&#8221;left&#8221; row_border_radius=&#8221;none&#8221; row_border_radius_applies=&#8221;bg&#8221; overlay_strength=&#8221;0.3&#8243; gradient_direction=&#8221;left_to_right&#8221; shape_divider_position=&#8221;bottom&#8221; bg_image_animation=&#8221;none&#8221; shape_type=&#8221;&#8221;][vc_column column_padding=&#8221;no-extra-padding&#8221; column_padding_tablet=&#8221;inherit&#8221; column_padding_phone=&#8221;inherit&#8221; column_padding_position=&#8221;all&#8221; background_color_opacity=&#8221;1&#8243; background_hover_color_opacity=&#8221;1&#8243; column_shadow=&#8221;none&#8221; column_border_radius=&#8221;none&#8221; column_link_target=&#8221;_self&#8221; gradient_direction=&#8221;left_to_right&#8221; overlay_strength=&#8221;0.3&#8243;&#8230;<\/p>\n","protected":false},"author":1,"featured_media":0,"parent":0,"menu_order":700,"comment_status":"open","ping_status":"closed","template":"","meta":[],"yoast_head":"<!-- This site is optimized with the Yoast SEO plugin v19.4 - https:\/\/yoast.com\/wordpress\/plugins\/seo\/ -->\n<title>Actualit\u00e9s sur COMPET\u2019plus, projet de collaboration transfrontali\u00e8re<\/title>\n<meta name=\"description\" content=\"Actualit\u00e9s sur COMPET\u2019plus: projet de collaboration transfrontali\u00e8re pour la promotion de la comp\u00e9titivit\u00e9 des entreprises et de l\u2019innovation dans les PME\" \/>\n<meta name=\"robots\" content=\"index, follow, max-snippet:-1, max-image-preview:large, max-video-preview:-1\" \/>\n<link rel=\"canonical\" href=\"https:\/\/competplus.eu\/fr\/actualites\/\" \/>\n<meta property=\"og:locale\" content=\"fr_FR\" \/>\n<meta property=\"og:type\" content=\"article\" \/>\n<meta property=\"og:title\" content=\"Actualit\u00e9s sur COMPET\u2019plus, projet de collaboration transfrontali\u00e8re\" \/>\n<meta property=\"og:description\" content=\"Actualit\u00e9s sur COMPET\u2019plus: projet de collaboration transfrontali\u00e8re pour la promotion de la comp\u00e9titivit\u00e9 des entreprises et de l\u2019innovation dans les PME\" \/>\n<meta property=\"og:url\" content=\"https:\/\/competplus.eu\/fr\/actualites\/\" \/>\n<meta property=\"og:site_name\" content=\"COMPET&#039;plus\" \/>\n<meta property=\"article:modified_time\" content=\"2021-03-12T17:36:48+00:00\" \/>\n<meta name=\"twitter:card\" content=\"summary_large_image\" \/>\n<meta name=\"twitter:label1\" content=\"Dur\u00e9e de lecture estim\u00e9e\" \/>\n\t<meta name=\"twitter:data1\" content=\"1 minute\" \/>\n<script type=\"application\/ld+json\" class=\"yoast-schema-graph\">{\"@context\":\"https:\/\/schema.org\",\"@graph\":[{\"@type\":\"Organization\",\"@id\":\"https:\/\/competplus.eu\/#organization\",\"name\":\"COMPET\u2019plus\",\"url\":\"https:\/\/competplus.eu\/\",\"sameAs\":[],\"logo\":{\"@type\":\"ImageObject\",\"inLanguage\":\"fr-FR\",\"@id\":\"https:\/\/competplus.eu\/#\/schema\/logo\/image\/\",\"url\":\"https:\/\/competplus.eu\/wp-content\/uploads\/2020\/08\/logo_competplus.png\",\"contentUrl\":\"https:\/\/competplus.eu\/wp-content\/uploads\/2020\/08\/logo_competplus.png\",\"width\":250,\"height\":60,\"caption\":\"COMPET\u2019plus\"},\"image\":{\"@id\":\"https:\/\/competplus.eu\/#\/schema\/logo\/image\/\"}},{\"@type\":\"WebSite\",\"@id\":\"https:\/\/competplus.eu\/#website\",\"url\":\"https:\/\/competplus.eu\/\",\"name\":\"COMPET&#039;plus\",\"description\":\"Otro sitio realizado con WordPress\",\"publisher\":{\"@id\":\"https:\/\/competplus.eu\/#organization\"},\"potentialAction\":[{\"@type\":\"SearchAction\",\"target\":{\"@type\":\"EntryPoint\",\"urlTemplate\":\"https:\/\/competplus.eu\/?s={search_term_string}\"},\"query-input\":\"required name=search_term_string\"}],\"inLanguage\":\"fr-FR\"},{\"@type\":\"WebPage\",\"@id\":\"https:\/\/competplus.eu\/fr\/actualites\/\",\"url\":\"https:\/\/competplus.eu\/fr\/actualites\/\",\"name\":\"Actualit\u00e9s sur COMPET\u2019plus, projet de collaboration transfrontali\u00e8re\",\"isPartOf\":{\"@id\":\"https:\/\/competplus.eu\/#website\"},\"datePublished\":\"2020-09-01T10:42:34+00:00\",\"dateModified\":\"2021-03-12T17:36:48+00:00\",\"description\":\"Actualit\u00e9s sur COMPET\u2019plus: projet de collaboration transfrontali\u00e8re pour la promotion de la comp\u00e9titivit\u00e9 des entreprises et de l\u2019innovation dans les PME\",\"breadcrumb\":{\"@id\":\"https:\/\/competplus.eu\/fr\/actualites\/#breadcrumb\"},\"inLanguage\":\"fr-FR\",\"potentialAction\":[{\"@type\":\"ReadAction\",\"target\":[\"https:\/\/competplus.eu\/fr\/actualites\/\"]}]},{\"@type\":\"BreadcrumbList\",\"@id\":\"https:\/\/competplus.eu\/fr\/actualites\/#breadcrumb\",\"itemListElement\":[{\"@type\":\"ListItem\",\"position\":1,\"name\":\"Accueil\",\"item\":\"https:\/\/competplus.eu\/fr\/\"},{\"@type\":\"ListItem\",\"position\":2,\"name\":\"Actualit\u00e9s\"}]}]}<\/script>\n<!-- \/ Yoast SEO plugin. -->","yoast_head_json":{"title":"Actualit\u00e9s sur COMPET\u2019plus, projet de collaboration transfrontali\u00e8re","description":"Actualit\u00e9s sur COMPET\u2019plus: projet de collaboration transfrontali\u00e8re pour la promotion de la comp\u00e9titivit\u00e9 des entreprises et de l\u2019innovation dans les PME","robots":{"index":"index","follow":"follow","max-snippet":"max-snippet:-1","max-image-preview":"max-image-preview:large","max-video-preview":"max-video-preview:-1"},"canonical":"https:\/\/competplus.eu\/fr\/actualites\/","og_locale":"fr_FR","og_type":"article","og_title":"Actualit\u00e9s sur COMPET\u2019plus, projet de collaboration transfrontali\u00e8re","og_description":"Actualit\u00e9s sur COMPET\u2019plus: projet de collaboration transfrontali\u00e8re pour la promotion de la comp\u00e9titivit\u00e9 des entreprises et de l\u2019innovation dans les PME","og_url":"https:\/\/competplus.eu\/fr\/actualites\/","og_site_name":"COMPET&#039;plus","article_modified_time":"2021-03-12T17:36:48+00:00","twitter_card":"summary_large_image","twitter_misc":{"Dur\u00e9e de lecture estim\u00e9e":"1 minute"},"schema":{"@context":"https:\/\/schema.org","@graph":[{"@type":"Organization","@id":"https:\/\/competplus.eu\/#organization","name":"COMPET\u2019plus","url":"https:\/\/competplus.eu\/","sameAs":[],"logo":{"@type":"ImageObject","inLanguage":"fr-FR","@id":"https:\/\/competplus.eu\/#\/schema\/logo\/image\/","url":"https:\/\/competplus.eu\/wp-content\/uploads\/2020\/08\/logo_competplus.png","contentUrl":"https:\/\/competplus.eu\/wp-content\/uploads\/2020\/08\/logo_competplus.png","width":250,"height":60,"caption":"COMPET\u2019plus"},"image":{"@id":"https:\/\/competplus.eu\/#\/schema\/logo\/image\/"}},{"@type":"WebSite","@id":"https:\/\/competplus.eu\/#website","url":"https:\/\/competplus.eu\/","name":"COMPET&#039;plus","description":"Otro sitio realizado con WordPress","publisher":{"@id":"https:\/\/competplus.eu\/#organization"},"potentialAction":[{"@type":"SearchAction","target":{"@type":"EntryPoint","urlTemplate":"https:\/\/competplus.eu\/?s={search_term_string}"},"query-input":"required name=search_term_string"}],"inLanguage":"fr-FR"},{"@type":"WebPage","@id":"https:\/\/competplus.eu\/fr\/actualites\/","url":"https:\/\/competplus.eu\/fr\/actualites\/","name":"Actualit\u00e9s sur COMPET\u2019plus, projet de collaboration transfrontali\u00e8re","isPartOf":{"@id":"https:\/\/competplus.eu\/#website"},"datePublished":"2020-09-01T10:42:34+00:00","dateModified":"2021-03-12T17:36:48+00:00","description":"Actualit\u00e9s sur COMPET\u2019plus: projet de collaboration transfrontali\u00e8re pour la promotion de la comp\u00e9titivit\u00e9 des entreprises et de l\u2019innovation dans les PME","breadcrumb":{"@id":"https:\/\/competplus.eu\/fr\/actualites\/#breadcrumb"},"inLanguage":"fr-FR","potentialAction":[{"@type":"ReadAction","target":["https:\/\/competplus.eu\/fr\/actualites\/"]}]},{"@type":"BreadcrumbList","@id":"https:\/\/competplus.eu\/fr\/actualites\/#breadcrumb","itemListElement":[{"@type":"ListItem","position":1,"name":"Accueil","item":"https:\/\/competplus.eu\/fr\/"},{"@type":"ListItem","position":2,"name":"Actualit\u00e9s"}]}]}},"_links":{"self":[{"href":"https:\/\/competplus.eu\/fr\/wp-json\/wp\/v2\/pages\/4749"}],"collection":[{"href":"https:\/\/competplus.eu\/fr\/wp-json\/wp\/v2\/pages"}],"about":[{"href":"https:\/\/competplus.eu\/fr\/wp-json\/wp\/v2\/types\/page"}],"author":[{"embeddable":true,"href":"https:\/\/competplus.eu\/fr\/wp-json\/wp\/v2\/users\/1"}],"replies":[{"embeddable":true,"href":"https:\/\/competplus.eu\/fr\/wp-json\/wp\/v2\/comments?post=4749"}],"version-history":[{"count":8,"href":"https:\/\/competplus.eu\/fr\/wp-json\/wp\/v2\/pages\/4749\/revisions"}],"predecessor-version":[{"id":5834,"href":"https:\/\/competplus.eu\/fr\/wp-json\/wp\/v2\/pages\/4749\/revisions\/5834"}],"wp:attachment":[{"href":"https:\/\/competplus.eu\/fr\/wp-json\/wp\/v2\/media?parent=4749"}],"curies":[{"name":"wp","href":"https:\/\/api.w.org\/{rel}","templated":true}]}}