{"id":4771,"date":"2020-09-29T09:39:52","date_gmt":"2020-09-29T07:39:52","guid":{"rendered":"https:\/\/competplus.eu\/agenda\/"},"modified":"2021-03-03T19:22:45","modified_gmt":"2021-03-03T17:22:45","slug":"agenda","status":"publish","type":"page","link":"https:\/\/competplus.eu\/fr\/agenda\/","title":{"rendered":"Agenda"},"content":{"rendered":"[vc_row type=&#8221;in_container&#8221; full_screen_row_position=&#8221;middle&#8221; column_margin=&#8221;default&#8221; column_direction=&#8221;default&#8221; column_direction_tablet=&#8221;default&#8221; column_direction_phone=&#8221;default&#8221; scene_position=&#8221;center&#8221; text_color=&#8221;dark&#8221; text_align=&#8221;left&#8221; row_border_radius=&#8221;none&#8221; row_border_radius_applies=&#8221;bg&#8221; overlay_strength=&#8221;0.3&#8243; gradient_direction=&#8221;left_to_right&#8221; shape_divider_position=&#8221;bottom&#8221; bg_image_animation=&#8221;none&#8221;][vc_column column_padding=&#8221;no-extra-padding&#8221; column_padding_tablet=&#8221;inherit&#8221; column_padding_phone=&#8221;inherit&#8221; column_padding_position=&#8221;all&#8221; background_color_opacity=&#8221;1&#8243; background_hover_color_opacity=&#8221;1&#8243; column_shadow=&#8221;none&#8221; column_border_radius=&#8221;none&#8221; column_link_target=&#8221;_self&#8221; gradient_direction=&#8221;left_to_right&#8221; overlay_strength=&#8221;0.3&#8243; width=&#8221;1\/1&#8243; tablet_width_inherit=&#8221;default&#8221; tablet_text_alignment=&#8221;default&#8221; phone_text_alignment=&#8221;default&#8221; column_border_width=&#8221;none&#8221; column_border_style=&#8221;solid&#8221; bg_image_animation=&#8221;none&#8221;][vc_custom_heading text=&#8221;AGENDA DE COMPET&#8217;PLUS&#8221; font_container=&#8221;tag:h1|font_size:31|text_align:center|color:%23262626&#8243; use_theme_fonts=&#8221;yes&#8221;][\/vc_column][\/vc_row][vc_row type=&#8221;in_container&#8221; full_screen_row_position=&#8221;middle&#8221; column_margin=&#8221;default&#8221; column_direction=&#8221;default&#8221; column_direction_tablet=&#8221;default&#8221; column_direction_phone=&#8221;default&#8221; scene_position=&#8221;center&#8221; text_color=&#8221;dark&#8221; text_align=&#8221;right&#8221; row_border_radius=&#8221;none&#8221; row_border_radius_applies=&#8221;bg&#8221; overlay_strength=&#8221;0.3&#8243; gradient_direction=&#8221;left_to_right&#8221; shape_divider_position=&#8221;bottom&#8221; bg_image_animation=&#8221;none&#8221; shape_type=&#8221;&#8221;][vc_column column_padding=&#8221;no-extra-padding&#8221; column_padding_tablet=&#8221;inherit&#8221; column_padding_phone=&#8221;inherit&#8221; column_padding_position=&#8221;all&#8221; background_color_opacity=&#8221;1&#8243; background_hover_color_opacity=&#8221;1&#8243; column_shadow=&#8221;none&#8221; column_border_radius=&#8221;none&#8221; column_link_target=&#8221;_self&#8221; gradient_direction=&#8221;left_to_right&#8221; overlay_strength=&#8221;0.3&#8243; width=&#8221;1\/1&#8243; tablet_width_inherit=&#8221;default&#8221; tablet_text_alignment=&#8221;default&#8221; phone_text_alignment=&#8221;default&#8221; column_border_width=&#8221;none&#8221; column_border_style=&#8221;solid&#8221; bg_image_animation=&#8221;none&#8221;][nectar_btn size=&#8221;medium&#8221; button_style=&#8221;regular&#8221; button_color_2=&#8221;Accent-Color&#8221; icon_family=&#8221;none&#8221; text=&#8221;CONSULTER L\u2019HISTORIQUE DE L\u2019AGENDA&#8221; url=&#8221;\/fr\/historico-agenda&#8221;]<div id=\"mec_skin_3482\" class=\"mec-wrap colorskin-custom  mec-full-calendar-wrap\">\r\n    \r\n    <div class=\"mec-search-form mec-totalcal-box\">\r\n                                    <div id=\"mec_search_form_3482\" >\r\n                                                                                <\/div>\r\n        <div id=\"mec_search_form_3482\">\r\n                                <\/div>\r\n        <div id=\"mec_search_form_3482\" class=\"mec-full-calendar-search-ends\">\r\n                                                            <div class=\"col-md-12 mec-tab-loader\">\r\n                <div class=\"mec-totalcal-view\">\r\n                                        <span class=\"mec-totalcal-monthlyview\" data-skin=\"monthly\">Mensuelle<\/span>                    <span class=\"mec-totalcal-weeklyview\" data-skin=\"weekly\">Hebdomadaire<\/span>                    <span class=\"mec-totalcal-dailyview\" data-skin=\"daily\">Quotidienne<\/span>                    <span class=\"mec-totalcal-listview mec-totalcalview-selected\" data-skin=\"list\">Vu en liste<\/span>                                                        <\/div>\r\n            <\/div>\r\n        <\/div>\r\n         \r\n    <\/div>\r\n    \r\n    <div id=\"mec_full_calendar_container_3482\" class=\"mec-full-calendar-skin-container\">\r\n        <div class=\"mec-wrap mec-skin-list-container  \" id=\"mec_skin_3482\">\r\n    \r\n    \r\n        <div class=\"mec-skin-list-events-container\" id=\"mec_skin_events_3482\">\r\n        Pas d'\u00e9v\u00e9nement actuellement programm\u00e9.    <\/div>\r\n        \r\n        \r\n<\/div>    <\/div>\r\n    \r\n<\/div>[\/vc_column][\/vc_row]\n","protected":false},"excerpt":{"rendered":"<p>[vc_row type=&#8221;in_container&#8221; full_screen_row_position=&#8221;middle&#8221; column_margin=&#8221;default&#8221; column_direction=&#8221;default&#8221; column_direction_tablet=&#8221;default&#8221; column_direction_phone=&#8221;default&#8221; scene_position=&#8221;center&#8221; text_color=&#8221;dark&#8221; text_align=&#8221;left&#8221; row_border_radius=&#8221;none&#8221; row_border_radius_applies=&#8221;bg&#8221; overlay_strength=&#8221;0.3&#8243; gradient_direction=&#8221;left_to_right&#8221; shape_divider_position=&#8221;bottom&#8221; bg_image_animation=&#8221;none&#8221;][vc_column column_padding=&#8221;no-extra-padding&#8221; column_padding_tablet=&#8221;inherit&#8221; column_padding_phone=&#8221;inherit&#8221; column_padding_position=&#8221;all&#8221; background_color_opacity=&#8221;1&#8243; background_hover_color_opacity=&#8221;1&#8243; column_shadow=&#8221;none&#8221; column_border_radius=&#8221;none&#8221; column_link_target=&#8221;_self&#8221; gradient_direction=&#8221;left_to_right&#8221; overlay_strength=&#8221;0.3&#8243; width=&#8221;1\/1&#8243; tablet_width_inherit=&#8221;default&#8221; tablet_text_alignment=&#8221;default&#8221;&#8230;<\/p>\n","protected":false},"author":1,"featured_media":0,"parent":0,"menu_order":14,"comment_status":"open","ping_status":"open","template":"","meta":[],"yoast_head":"<!-- This site is optimized with the Yoast SEO plugin v19.4 - https:\/\/yoast.com\/wordpress\/plugins\/seo\/ -->\n<title>Agenda de COMPET\u2019plus avec les webinaires des experts<\/title>\n<meta name=\"description\" content=\"Agenda de COMPET\u2019plus avec les webinaires des experts pr\u00e9sentant bonnes pratiques et exemples de collaboration transfrontali\u00e8re pour chaque th\u00e9matique\" \/>\n<meta name=\"robots\" content=\"index, follow, max-snippet:-1, max-image-preview:large, max-video-preview:-1\" \/>\n<link rel=\"canonical\" href=\"https:\/\/competplus.eu\/fr\/agenda\/\" \/>\n<meta property=\"og:locale\" content=\"fr_FR\" \/>\n<meta property=\"og:type\" content=\"article\" \/>\n<meta property=\"og:title\" content=\"Agenda de COMPET\u2019plus avec les webinaires des experts\" \/>\n<meta property=\"og:description\" content=\"Agenda de COMPET\u2019plus avec les webinaires des experts pr\u00e9sentant bonnes pratiques et exemples de collaboration transfrontali\u00e8re pour chaque th\u00e9matique\" \/>\n<meta property=\"og:url\" content=\"https:\/\/competplus.eu\/fr\/agenda\/\" \/>\n<meta property=\"og:site_name\" content=\"COMPET&#039;plus\" \/>\n<meta property=\"article:modified_time\" content=\"2021-03-03T17:22:45+00:00\" \/>\n<meta name=\"twitter:card\" content=\"summary_large_image\" \/>\n<meta name=\"twitter:label1\" content=\"Dur\u00e9e de lecture estim\u00e9e\" \/>\n\t<meta name=\"twitter:data1\" content=\"1 minute\" \/>\n<script type=\"application\/ld+json\" class=\"yoast-schema-graph\">{\"@context\":\"https:\/\/schema.org\",\"@graph\":[{\"@type\":\"Organization\",\"@id\":\"https:\/\/competplus.eu\/#organization\",\"name\":\"COMPET\u2019plus\",\"url\":\"https:\/\/competplus.eu\/\",\"sameAs\":[],\"logo\":{\"@type\":\"ImageObject\",\"inLanguage\":\"fr-FR\",\"@id\":\"https:\/\/competplus.eu\/#\/schema\/logo\/image\/\",\"url\":\"https:\/\/competplus.eu\/wp-content\/uploads\/2020\/08\/logo_competplus.png\",\"contentUrl\":\"https:\/\/competplus.eu\/wp-content\/uploads\/2020\/08\/logo_competplus.png\",\"width\":250,\"height\":60,\"caption\":\"COMPET\u2019plus\"},\"image\":{\"@id\":\"https:\/\/competplus.eu\/#\/schema\/logo\/image\/\"}},{\"@type\":\"WebSite\",\"@id\":\"https:\/\/competplus.eu\/#website\",\"url\":\"https:\/\/competplus.eu\/\",\"name\":\"COMPET&#039;plus\",\"description\":\"Otro sitio realizado con WordPress\",\"publisher\":{\"@id\":\"https:\/\/competplus.eu\/#organization\"},\"potentialAction\":[{\"@type\":\"SearchAction\",\"target\":{\"@type\":\"EntryPoint\",\"urlTemplate\":\"https:\/\/competplus.eu\/?s={search_term_string}\"},\"query-input\":\"required name=search_term_string\"}],\"inLanguage\":\"fr-FR\"},{\"@type\":\"WebPage\",\"@id\":\"https:\/\/competplus.eu\/fr\/agenda\/\",\"url\":\"https:\/\/competplus.eu\/fr\/agenda\/\",\"name\":\"Agenda de COMPET\u2019plus avec les webinaires des experts\",\"isPartOf\":{\"@id\":\"https:\/\/competplus.eu\/#website\"},\"datePublished\":\"2020-09-29T07:39:52+00:00\",\"dateModified\":\"2021-03-03T17:22:45+00:00\",\"description\":\"Agenda de COMPET\u2019plus avec les webinaires des experts pr\u00e9sentant bonnes pratiques et exemples de collaboration transfrontali\u00e8re pour chaque th\u00e9matique\",\"breadcrumb\":{\"@id\":\"https:\/\/competplus.eu\/fr\/agenda\/#breadcrumb\"},\"inLanguage\":\"fr-FR\",\"potentialAction\":[{\"@type\":\"ReadAction\",\"target\":[\"https:\/\/competplus.eu\/fr\/agenda\/\"]}]},{\"@type\":\"BreadcrumbList\",\"@id\":\"https:\/\/competplus.eu\/fr\/agenda\/#breadcrumb\",\"itemListElement\":[{\"@type\":\"ListItem\",\"position\":1,\"name\":\"Accueil\",\"item\":\"https:\/\/competplus.eu\/fr\/\"},{\"@type\":\"ListItem\",\"position\":2,\"name\":\"Agenda\"}]}]}<\/script>\n<!-- \/ Yoast SEO plugin. -->","yoast_head_json":{"title":"Agenda de COMPET\u2019plus avec les webinaires des experts","description":"Agenda de COMPET\u2019plus avec les webinaires des experts pr\u00e9sentant bonnes pratiques et exemples de collaboration transfrontali\u00e8re pour chaque th\u00e9matique","robots":{"index":"index","follow":"follow","max-snippet":"max-snippet:-1","max-image-preview":"max-image-preview:large","max-video-preview":"max-video-preview:-1"},"canonical":"https:\/\/competplus.eu\/fr\/agenda\/","og_locale":"fr_FR","og_type":"article","og_title":"Agenda de COMPET\u2019plus avec les webinaires des experts","og_description":"Agenda de COMPET\u2019plus avec les webinaires des experts pr\u00e9sentant bonnes pratiques et exemples de collaboration transfrontali\u00e8re pour chaque th\u00e9matique","og_url":"https:\/\/competplus.eu\/fr\/agenda\/","og_site_name":"COMPET&#039;plus","article_modified_time":"2021-03-03T17:22:45+00:00","twitter_card":"summary_large_image","twitter_misc":{"Dur\u00e9e de lecture estim\u00e9e":"1 minute"},"schema":{"@context":"https:\/\/schema.org","@graph":[{"@type":"Organization","@id":"https:\/\/competplus.eu\/#organization","name":"COMPET\u2019plus","url":"https:\/\/competplus.eu\/","sameAs":[],"logo":{"@type":"ImageObject","inLanguage":"fr-FR","@id":"https:\/\/competplus.eu\/#\/schema\/logo\/image\/","url":"https:\/\/competplus.eu\/wp-content\/uploads\/2020\/08\/logo_competplus.png","contentUrl":"https:\/\/competplus.eu\/wp-content\/uploads\/2020\/08\/logo_competplus.png","width":250,"height":60,"caption":"COMPET\u2019plus"},"image":{"@id":"https:\/\/competplus.eu\/#\/schema\/logo\/image\/"}},{"@type":"WebSite","@id":"https:\/\/competplus.eu\/#website","url":"https:\/\/competplus.eu\/","name":"COMPET&#039;plus","description":"Otro sitio realizado con WordPress","publisher":{"@id":"https:\/\/competplus.eu\/#organization"},"potentialAction":[{"@type":"SearchAction","target":{"@type":"EntryPoint","urlTemplate":"https:\/\/competplus.eu\/?s={search_term_string}"},"query-input":"required name=search_term_string"}],"inLanguage":"fr-FR"},{"@type":"WebPage","@id":"https:\/\/competplus.eu\/fr\/agenda\/","url":"https:\/\/competplus.eu\/fr\/agenda\/","name":"Agenda de COMPET\u2019plus avec les webinaires des experts","isPartOf":{"@id":"https:\/\/competplus.eu\/#website"},"datePublished":"2020-09-29T07:39:52+00:00","dateModified":"2021-03-03T17:22:45+00:00","description":"Agenda de COMPET\u2019plus avec les webinaires des experts pr\u00e9sentant bonnes pratiques et exemples de collaboration transfrontali\u00e8re pour chaque th\u00e9matique","breadcrumb":{"@id":"https:\/\/competplus.eu\/fr\/agenda\/#breadcrumb"},"inLanguage":"fr-FR","potentialAction":[{"@type":"ReadAction","target":["https:\/\/competplus.eu\/fr\/agenda\/"]}]},{"@type":"BreadcrumbList","@id":"https:\/\/competplus.eu\/fr\/agenda\/#breadcrumb","itemListElement":[{"@type":"ListItem","position":1,"name":"Accueil","item":"https:\/\/competplus.eu\/fr\/"},{"@type":"ListItem","position":2,"name":"Agenda"}]}]}},"_links":{"self":[{"href":"https:\/\/competplus.eu\/fr\/wp-json\/wp\/v2\/pages\/4771"}],"collection":[{"href":"https:\/\/competplus.eu\/fr\/wp-json\/wp\/v2\/pages"}],"about":[{"href":"https:\/\/competplus.eu\/fr\/wp-json\/wp\/v2\/types\/page"}],"author":[{"embeddable":true,"href":"https:\/\/competplus.eu\/fr\/wp-json\/wp\/v2\/users\/1"}],"replies":[{"embeddable":true,"href":"https:\/\/competplus.eu\/fr\/wp-json\/wp\/v2\/comments?post=4771"}],"version-history":[{"count":5,"href":"https:\/\/competplus.eu\/fr\/wp-json\/wp\/v2\/pages\/4771\/revisions"}],"predecessor-version":[{"id":5245,"href":"https:\/\/competplus.eu\/fr\/wp-json\/wp\/v2\/pages\/4771\/revisions\/5245"}],"wp:attachment":[{"href":"https:\/\/competplus.eu\/fr\/wp-json\/wp\/v2\/media?parent=4771"}],"curies":[{"name":"wp","href":"https:\/\/api.w.org\/{rel}","templated":true}]}}