{"id":4777,"date":"2014-03-31T03:53:02","date_gmt":"2014-03-31T01:53:02","guid":{"rendered":"https:\/\/competplus.eu\/contacto\/"},"modified":"2021-03-16T09:27:18","modified_gmt":"2021-03-16T07:27:18","slug":"contact","status":"publish","type":"page","link":"https:\/\/competplus.eu\/fr\/contact\/","title":{"rendered":"Contact"},"content":{"rendered":"[vc_row type=&#8221;full_width_background&#8221; full_screen_row_position=&#8221;middle&#8221; column_margin=&#8221;default&#8221; column_direction=&#8221;default&#8221; column_direction_tablet=&#8221;default&#8221; column_direction_phone=&#8221;default&#8221; bg_color=&#8221;#f7f7f7&#8243; scene_position=&#8221;center&#8221; top_padding=&#8221;70&#8243; bottom_padding=&#8221;60&#8243; text_color=&#8221;dark&#8221; text_align=&#8221;left&#8221; row_border_radius=&#8221;none&#8221; row_border_radius_applies=&#8221;bg&#8221; overlay_strength=&#8221;0.3&#8243; gradient_direction=&#8221;left_to_right&#8221; shape_divider_position=&#8221;bottom&#8221; bg_image_animation=&#8221;none&#8221;][vc_column column_padding=&#8221;no-extra-padding&#8221; column_padding_tablet=&#8221;inherit&#8221; column_padding_phone=&#8221;inherit&#8221; column_padding_position=&#8221;all&#8221; background_color_opacity=&#8221;1&#8243; background_hover_color_opacity=&#8221;1&#8243; column_shadow=&#8221;none&#8221; column_border_radius=&#8221;none&#8221; column_link_target=&#8221;_self&#8221; gradient_direction=&#8221;left_to_right&#8221; overlay_strength=&#8221;0.3&#8243; width=&#8221;2\/3&#8243; tablet_width_inherit=&#8221;default&#8221; tablet_text_alignment=&#8221;default&#8221; phone_text_alignment=&#8221;default&#8221; column_border_width=&#8221;none&#8221; column_border_style=&#8221;solid&#8221; bg_image_animation=&#8221;none&#8221;]<div role=\"form\" class=\"wpcf7\" id=\"wpcf7-f3723-o1\" lang=\"es-ES\" dir=\"ltr\">\n<div class=\"screen-reader-response\"><p role=\"status\" aria-live=\"polite\" aria-atomic=\"true\"><\/p> <ul><\/ul><\/div>\n<form action=\"\/fr\/wp-json\/wp\/v2\/pages\/4777#wpcf7-f3723-o1\" method=\"post\" class=\"wpcf7-form init\" novalidate=\"novalidate\" data-status=\"init\">\n<div style=\"display: none;\">\n<input type=\"hidden\" name=\"_wpcf7\" value=\"3723\" \/>\n<input type=\"hidden\" name=\"_wpcf7_version\" value=\"5.6.1\" \/>\n<input type=\"hidden\" name=\"_wpcf7_locale\" value=\"es_ES\" \/>\n<input type=\"hidden\" name=\"_wpcf7_unit_tag\" value=\"wpcf7-f3723-o1\" \/>\n<input type=\"hidden\" name=\"_wpcf7_container_post\" value=\"0\" \/>\n<input type=\"hidden\" name=\"_wpcf7_posted_data_hash\" value=\"\" \/>\n<input type=\"hidden\" name=\"_wpcf7_recaptcha_response\" value=\"\" \/>\n<\/div>\n<p><label> Nom \/Pr\u00e9nom *<br \/>\n    <span class=\"wpcf7-form-control-wrap\" data-name=\"your-name\"><input type=\"text\" name=\"your-name\" value=\"\" size=\"40\" class=\"wpcf7-form-control wpcf7-text wpcf7-validates-as-required\" aria-required=\"true\" aria-invalid=\"false\" \/><\/span> <\/label><\/p>\n<p><label> Email *<br \/>\n    <span class=\"wpcf7-form-control-wrap\" data-name=\"your-email\"><input type=\"email\" name=\"your-email\" value=\"\" size=\"40\" class=\"wpcf7-form-control wpcf7-text wpcf7-email wpcf7-validates-as-required wpcf7-validates-as-email\" aria-required=\"true\" aria-invalid=\"false\" \/><\/span> <\/label><\/p>\n<p><label> Sujet *<br \/>\n    <span class=\"wpcf7-form-control-wrap\" data-name=\"your-subject\"><input type=\"text\" name=\"your-subject\" value=\"\" size=\"40\" class=\"wpcf7-form-control wpcf7-text wpcf7-validates-as-required\" aria-required=\"true\" aria-invalid=\"false\" \/><\/span> <\/label><\/p>\n<p><label> Mon message<br \/>\n    <span class=\"wpcf7-form-control-wrap\" data-name=\"your-message\"><textarea name=\"your-message\" cols=\"40\" rows=\"10\" class=\"wpcf7-form-control wpcf7-textarea\" aria-invalid=\"false\"><\/textarea><\/span> <\/label><\/p>\n<p><input type=\"submit\" value=\"Envoyer\" class=\"wpcf7-form-control has-spinner wpcf7-submit\" \/><\/p>\n<div class=\"wpcf7-response-output\" aria-hidden=\"true\"><\/div><\/form><\/div>[\/vc_column][vc_column column_padding=&#8221;no-extra-padding&#8221; column_padding_tablet=&#8221;inherit&#8221; column_padding_phone=&#8221;inherit&#8221; column_padding_position=&#8221;all&#8221; background_color_opacity=&#8221;1&#8243; background_hover_color_opacity=&#8221;1&#8243; column_shadow=&#8221;none&#8221; column_border_radius=&#8221;none&#8221; column_link_target=&#8221;_self&#8221; gradient_direction=&#8221;left_to_right&#8221; overlay_strength=&#8221;0.3&#8243; width=&#8221;1\/3&#8243; tablet_width_inherit=&#8221;default&#8221; tablet_text_alignment=&#8221;default&#8221; phone_text_alignment=&#8221;default&#8221; column_border_width=&#8221;none&#8221; column_border_style=&#8221;solid&#8221; bg_image_animation=&#8221;none&#8221;][vc_column_text]\n<h3>EUROR\u00c9GION<\/h3>\n<p>Nouvelle-Aquitaine | Euskadi | Navarre<br \/>\n<a href=\"tel:+33632201343\">+33 (0) 632 20 13 43<\/a><br \/>\nLeyre Azcona Sanz de Galdeano<br \/>\n<a href=\"mailto:leyre.azcona@euroregion-naen.eu\">leyre.azcona@euroregion-naen.eu<\/a><br \/>\n18 Rue Lekueder &#8211; ZI Les Joncaux<br \/>\n64700 Hendaye[\/vc_column_text][vc_column_text css=&#8221;.vc_custom_1612336854366{padding-top: 20px !important;}&#8221;]\n<h3>Contact pour les entreprises, centres technologiques,<br \/>\nclusters etc<\/h3>\n<p>Nouvelle-Aquitaine : Be\u00f1at Jaureguy<br \/>\n<a href=\"mailto:b.jaureguy@bayonne.cci.fr\">b.jaureguy@bayonne.cci.fr<\/a><\/p>\n<p>Euskadi: Olga Irastorza<br \/>\n<a href=\"mailto:oirastorza@camaragipuzkoa.com\">oirastorza@camaragipuzkoa.com<\/a><\/p>\n<p>Navarre: Beatriz Blasco<br \/>\n<a href=\"mailto:bblasco@sodena.com\">bblasco@sodena.com<\/a>[\/vc_column_text][vc_widget_sidebar sidebar_id=&#8221;woocommerce-sidebar&#8221; el_class=&#8221;rrss_contacto&#8221;][\/vc_column][\/vc_row][vc_row type=&#8221;full_width_content&#8221; full_screen_row_position=&#8221;middle&#8221; column_margin=&#8221;default&#8221; column_direction=&#8221;default&#8221; column_direction_tablet=&#8221;default&#8221; column_direction_phone=&#8221;default&#8221; scene_position=&#8221;center&#8221; text_color=&#8221;dark&#8221; text_align=&#8221;left&#8221; row_border_radius=&#8221;none&#8221; row_border_radius_applies=&#8221;bg&#8221; overlay_strength=&#8221;0.3&#8243; gradient_direction=&#8221;left_to_right&#8221; shape_divider_position=&#8221;bottom&#8221; bg_image_animation=&#8221;none&#8221;][vc_column column_padding=&#8221;no-extra-padding&#8221; column_padding_tablet=&#8221;inherit&#8221; column_padding_phone=&#8221;inherit&#8221; column_padding_position=&#8221;all&#8221; background_color_opacity=&#8221;1&#8243; background_hover_color_opacity=&#8221;1&#8243; column_shadow=&#8221;none&#8221; column_border_radius=&#8221;none&#8221; column_link_target=&#8221;_self&#8221; gradient_direction=&#8221;left_to_right&#8221; overlay_strength=&#8221;0.3&#8243; width=&#8221;1\/1&#8243; tablet_width_inherit=&#8221;default&#8221; tablet_text_alignment=&#8221;default&#8221; phone_text_alignment=&#8221;default&#8221; column_border_width=&#8221;none&#8221; column_border_style=&#8221;solid&#8221; bg_image_animation=&#8221;none&#8221;][nectar_gmap map_type=&#8221;leaflet&#8221; zoom=&#8221;16&#8243; marker_style=&#8221;default&#8221; color=&#8221;accent-color&#8221; marker_image=&#8221;3600&#8243; leaflet_map_greyscale=&#8221;1&#8243; size=&#8221;500&#8243; map_center_lat=&#8221;43.346938&#8243; map_center_lng=&#8221;-1.772727&#8243; map_markers=&#8221;43.346938|-1.772727|EUROR\u00c9GION<br \/>\n18 Rue Lekueder<br \/>\nZI Les Joncaux &#8211; 64700 Hendaye&#8221;][\/vc_column][\/vc_row][vc_row type=&#8221;full_width_content&#8221; full_screen_row_position=&#8221;middle&#8221; column_margin=&#8221;default&#8221; equal_height=&#8221;yes&#8221; content_placement=&#8221;middle&#8221; column_direction=&#8221;default&#8221; column_direction_tablet=&#8221;default&#8221; column_direction_phone=&#8221;default&#8221; bg_color=&#8221;#de2551&#8243; scene_position=&#8221;center&#8221; top_padding=&#8221;48px&#8221; bottom_padding=&#8221;48px&#8221; text_color=&#8221;dark&#8221; text_align=&#8221;center&#8221; row_border_radius=&#8221;none&#8221; row_border_radius_applies=&#8221;bg&#8221; id=&#8221;creative-services&#8221; overlay_strength=&#8221;0.3&#8243; gradient_direction=&#8221;left_to_right&#8221; shape_divider_position=&#8221;bottom&#8221; bg_image_animation=&#8221;none&#8221; shape_type=&#8221;&#8221;][vc_column column_padding=&#8221;padding-2-percent&#8221; column_padding_tablet=&#8221;inherit&#8221; column_padding_phone=&#8221;inherit&#8221; column_padding_position=&#8221;right&#8221; background_color_opacity=&#8221;1&#8243; background_hover_color_opacity=&#8221;1&#8243; column_shadow=&#8221;none&#8221; column_border_radius=&#8221;none&#8221; column_link_target=&#8221;_self&#8221; gradient_direction=&#8221;left_to_right&#8221; overlay_strength=&#8221;0.3&#8243; width=&#8221;1\/1&#8243; tablet_width_inherit=&#8221;default&#8221; tablet_text_alignment=&#8221;default&#8221; phone_text_alignment=&#8221;default&#8221; column_border_width=&#8221;none&#8221; column_border_style=&#8221;solid&#8221; bg_image_animation=&#8221;none&#8221;][vc_custom_heading text=&#8221;INSCRIVEZ-VOUS \u00c0 NOTRE NEWSLETTER&#8221; font_container=&#8221;tag:h2|text_align:center|color:%23ffffff|line_height:50px&#8221; use_theme_fonts=&#8221;yes&#8221; css=&#8221;.vc_custom_1601030589863{margin-bottom: 16px !important;}&#8221; el_class=&#8221;encabezado-newsletter&#8221;][vc_column_text el_class=&#8221;newsletter-description&#8221; css=&#8221;.vc_custom_1601030852967{margin-bottom: 12px !important;}&#8221;]Nous produisons r\u00e9guli\u00e8rement des newsletters contenant les derni\u00e8res actualit\u00e9s et activit\u00e9s du projet et aussi bien d\u2019autres contenus d\u2019int\u00e9r\u00eat.[\/vc_column_text][vc_raw_html el_id=&#8221;newsletter-form&#8221;]JTNDZm9ybSUyMGlkJTNEJTIybmV3X3N1YnNjcmliZXIlMjIlMjBjbGFzcyUzRCUyMnNpbXBsZV9mb3JtJTIwZm9ybSUyMGZvcm0tdmVydGljYWwlMjIlMjBhY2NlcHQtY2hhcnNldCUzRCUyMlVURi04JTIyJTIwYWN0aW9uJTNEJTIyaHR0cHMlM0ElMkYlMkZjb21wZXRwbHVzLmlwem1hcmtldGluZy5jb20lMkZmJTJGTGVMcE9XTWZRX0ElMjIlMjBtZXRob2QlM0QlMjJwb3N0JTIyJTNFJTNDaW5wdXQlMjBuYW1lJTNEJTIydXRmOCUyMiUyMHR5cGUlM0QlMjJoaWRkZW4lMjIlMjB2YWx1ZSUzRCUyMiVFMiU5QyU5MyUyMiUyMCUyRiUzRSUwQSUzQ2RpdiUyMGNsYXNzJTNEJTIyZm9ybS1ncm91cCUyMHN0cmluZyUyMG9wdGlvbmFsJTIwc3Vic2NyaWJlcl9jdXN0b21fZmllbGRzXzMlMjIlM0UlM0NsYWJlbCUyMGNsYXNzJTNEJTIyY29udHJvbC1sYWJlbCUyMHN0cmluZyUyMHJlcXVpcmVkJTIyJTIwZm9yJTNEJTIyc3Vic2NyaWJlcl9jdXN0b21fZmllbGRzXzMlMjIlM0UlM0NhYmJyJTIwdGl0bGUlM0QlMjJSZXF1ZXJpZG8lMjIlM0UlMjAlM0MlMkZhYmJyJTNFRW50cmVwcmlzZSUzQyUyRmxhYmVsJTNFJTBBJTNDaW5wdXQlMjBpZCUzRCUyMnN1YnNjcmliZXJfY3VzdG9tX2ZpZWxkc18zJTIyJTIwY2xhc3MlM0QlMjJmb3JtLWNvbnRyb2wlMjBzdHJpbmclMjBvcHRpb25hbCUyMiUyMG5hbWUlM0QlMjJzdWJzY3JpYmVyJTVCY3VzdG9tX2ZpZWxkcyU1RCU1QjMlNUQlMjIlMjB0eXBlJTNEJTIydGV4dCUyMiUyMCUyRiUzRSUzQyUyRmRpdiUzRSUwQSUzQ2RpdiUyMGNsYXNzJTNEJTIyZm9ybS1ncm91cCUyMHN0cmluZyUyMHJlcXVpcmVkJTIwc3Vic2NyaWJlcl9uYW1lJTIyJTNFJTNDbGFiZWwlMjBjbGFzcyUzRCUyMmNvbnRyb2wtbGFiZWwlMjBzdHJpbmclMjByZXF1aXJlZCUyMiUyMGZvciUzRCUyMnN1YnNjcmliZXJfbmFtZSUyMiUzRVByJUMzJUE5bm9tLU5vbSUzQyUyRmxhYmVsJTNFJTBBJTNDaW5wdXQlMjBpZCUzRCUyMnN1YnNjcmliZXJfbmFtZSUyMiUyMGNsYXNzJTNEJTIyZm9ybS1jb250cm9sJTIwc3RyaW5nJTIwcmVxdWlyZWQlMjIlMjBuYW1lJTNEJTIyc3Vic2NyaWJlciU1Qm5hbWUlNUQlMjIlMjB0eXBlJTNEJTIydGV4dCUyMiUyMCUyRiUzRSUzQyUyRmRpdiUzRSUwQSUzQ2RpdiUyMGNsYXNzJTNEJTIyZm9ybS1ncm91cCUyMGVtYWlsJTIwcmVxdWlyZWQlMjBzdWJzY3JpYmVyX2VtYWlsJTIyJTNFJTNDbGFiZWwlMjBjbGFzcyUzRCUyMmNvbnRyb2wtbGFiZWwlMjBlbWFpbCUyMHJlcXVpcmVkJTIyJTIwZm9yJTNEJTIyc3Vic2NyaWJlcl9lbWFpbCUyMiUzRSUzQ2FiYnIlMjB0aXRsZSUzRCUyMlJlcXVlcmlkbyUyMiUzRSUyMCUzQyUyRmFiYnIlM0UlMjBFbWFpbCUzQyUyRmxhYmVsJTNFJTBBJTNDaW5wdXQlMjBpZCUzRCUyMnN1YnNjcmliZXJfZW1haWwlMjIlMjBjbGFzcyUzRCUyMmZvcm0tY29udHJvbCUyMHN0cmluZyUyMGVtYWlsJTIwcmVxdWlyZWQlMjIlMjBuYW1lJTNEJTIyc3Vic2NyaWJlciU1QmVtYWlsJTVEJTIyJTIwcmVxdWlyZWQlM0QlMjJyZXF1aXJlZCUyMiUyMHR5cGUlM0QlMjJlbWFpbCUyMiUyMGFyaWEtcmVxdWlyZWQlM0QlMjJ0cnVlJTIyJTIwJTJGJTNFJTNDJTJGZGl2JTNFJTBBJTNDaW5wdXQlMjBpZCUzRCUyMmFub3RoZXJlbWFpbCUyMiUyMHN0eWxlJTNEJTIycG9zaXRpb24lM0ElMjBhYnNvbHV0ZSUzQiUyMGxlZnQlM0ElMjAtNTAwMHB4JTNCJTIyJTIwdGFiaW5kZXglM0QlMjItMSUyMiUyMGF1dG9jb21wbGV0ZSUzRCUyMm9mZiUyMiUyMG5hbWUlM0QlMjJhbm90aGVyZW1haWwlMjIlMjB0eXBlJTNEJTIydGV4dCUyMiUyMCUyRiUzRSUwQSUzQ2RpdiUyMGNsYXNzJTNEJTIyc3VibWl0LXdyYXBwZXIlMjIlM0UlM0NpbnB1dCUyMGNsYXNzJTNEJTIyYnRuJTIwYnRuLXByaW1hcnklMjIlMjBuYW1lJTNEJTIyY29tbWl0JTIyJTIwdHlwZSUzRCUyMnN1Ym1pdCUyMiUyMHZhbHVlJTNEJTIyRW52b3llciUyMiUyMGRhdGEtZGlzYWJsZS13aXRoJTNEJTIyUHJvY2VzYW5kbyUyMiUyMCUyRiUzRSUzQyUyRmRpdiUzRSUwQSUzQyUyRmZvcm0lM0U=[\/vc_raw_html][\/vc_column][\/vc_row]\n","protected":false},"excerpt":{"rendered":"<p>[vc_row type=&#8221;full_width_background&#8221; full_screen_row_position=&#8221;middle&#8221; column_margin=&#8221;default&#8221; column_direction=&#8221;default&#8221; column_direction_tablet=&#8221;default&#8221; column_direction_phone=&#8221;default&#8221; bg_color=&#8221;#f7f7f7&#8243; scene_position=&#8221;center&#8221; top_padding=&#8221;70&#8243; bottom_padding=&#8221;60&#8243; text_color=&#8221;dark&#8221; text_align=&#8221;left&#8221; row_border_radius=&#8221;none&#8221; row_border_radius_applies=&#8221;bg&#8221; overlay_strength=&#8221;0.3&#8243; gradient_direction=&#8221;left_to_right&#8221; shape_divider_position=&#8221;bottom&#8221; bg_image_animation=&#8221;none&#8221;][vc_column column_padding=&#8221;no-extra-padding&#8221; column_padding_tablet=&#8221;inherit&#8221; column_padding_phone=&#8221;inherit&#8221; column_padding_position=&#8221;all&#8221; background_color_opacity=&#8221;1&#8243; background_hover_color_opacity=&#8221;1&#8243; column_shadow=&#8221;none&#8221; column_border_radius=&#8221;none&#8221; column_link_target=&#8221;_self&#8221; gradient_direction=&#8221;left_to_right&#8221; overlay_strength=&#8221;0.3&#8243;&#8230;<\/p>\n","protected":false},"author":1,"featured_media":0,"parent":0,"menu_order":12,"comment_status":"open","ping_status":"open","template":"","meta":[],"yoast_head":"<!-- This site is optimized with the Yoast SEO plugin v19.4 - https:\/\/yoast.com\/wordpress\/plugins\/seo\/ -->\n<title>Contact COMPET\u2019plus: Comp\u00e9titivit\u00e9 des entreprises et innovation<\/title>\n<meta name=\"description\" content=\"Contact COMPET\u2019plus, competplus: projet de comp\u00e9titivit\u00e9 des entreprises et plateformes d\u2019innovation entre Nouvelle-Aquitaine, Euskadi et Navarre\" \/>\n<meta name=\"robots\" content=\"index, follow, max-snippet:-1, max-image-preview:large, max-video-preview:-1\" \/>\n<link rel=\"canonical\" href=\"https:\/\/competplus.eu\/fr\/contact\/\" \/>\n<meta property=\"og:locale\" content=\"fr_FR\" \/>\n<meta property=\"og:type\" content=\"article\" \/>\n<meta property=\"og:title\" content=\"Contact COMPET\u2019plus: Comp\u00e9titivit\u00e9 des entreprises et innovation\" \/>\n<meta property=\"og:description\" content=\"Contact COMPET\u2019plus, competplus: projet de comp\u00e9titivit\u00e9 des entreprises et plateformes d\u2019innovation entre Nouvelle-Aquitaine, Euskadi et Navarre\" \/>\n<meta property=\"og:url\" content=\"https:\/\/competplus.eu\/fr\/contact\/\" \/>\n<meta property=\"og:site_name\" content=\"COMPET&#039;plus\" \/>\n<meta property=\"article:modified_time\" content=\"2021-03-16T07:27:18+00:00\" \/>\n<meta name=\"twitter:card\" content=\"summary_large_image\" \/>\n<meta name=\"twitter:label1\" content=\"Dur\u00e9e de lecture estim\u00e9e\" \/>\n\t<meta name=\"twitter:data1\" content=\"2 minutes\" \/>\n<script type=\"application\/ld+json\" class=\"yoast-schema-graph\">{\"@context\":\"https:\/\/schema.org\",\"@graph\":[{\"@type\":\"Organization\",\"@id\":\"https:\/\/competplus.eu\/#organization\",\"name\":\"COMPET\u2019plus\",\"url\":\"https:\/\/competplus.eu\/\",\"sameAs\":[],\"logo\":{\"@type\":\"ImageObject\",\"inLanguage\":\"fr-FR\",\"@id\":\"https:\/\/competplus.eu\/#\/schema\/logo\/image\/\",\"url\":\"https:\/\/competplus.eu\/wp-content\/uploads\/2020\/08\/logo_competplus.png\",\"contentUrl\":\"https:\/\/competplus.eu\/wp-content\/uploads\/2020\/08\/logo_competplus.png\",\"width\":250,\"height\":60,\"caption\":\"COMPET\u2019plus\"},\"image\":{\"@id\":\"https:\/\/competplus.eu\/#\/schema\/logo\/image\/\"}},{\"@type\":\"WebSite\",\"@id\":\"https:\/\/competplus.eu\/#website\",\"url\":\"https:\/\/competplus.eu\/\",\"name\":\"COMPET&#039;plus\",\"description\":\"Otro sitio realizado con WordPress\",\"publisher\":{\"@id\":\"https:\/\/competplus.eu\/#organization\"},\"potentialAction\":[{\"@type\":\"SearchAction\",\"target\":{\"@type\":\"EntryPoint\",\"urlTemplate\":\"https:\/\/competplus.eu\/?s={search_term_string}\"},\"query-input\":\"required name=search_term_string\"}],\"inLanguage\":\"fr-FR\"},{\"@type\":\"WebPage\",\"@id\":\"https:\/\/competplus.eu\/fr\/contact\/\",\"url\":\"https:\/\/competplus.eu\/fr\/contact\/\",\"name\":\"Contact COMPET\u2019plus: Comp\u00e9titivit\u00e9 des entreprises et innovation\",\"isPartOf\":{\"@id\":\"https:\/\/competplus.eu\/#website\"},\"datePublished\":\"2014-03-31T01:53:02+00:00\",\"dateModified\":\"2021-03-16T07:27:18+00:00\",\"description\":\"Contact COMPET\u2019plus, competplus: projet de comp\u00e9titivit\u00e9 des entreprises et plateformes d\u2019innovation entre Nouvelle-Aquitaine, Euskadi et Navarre\",\"breadcrumb\":{\"@id\":\"https:\/\/competplus.eu\/fr\/contact\/#breadcrumb\"},\"inLanguage\":\"fr-FR\",\"potentialAction\":[{\"@type\":\"ReadAction\",\"target\":[\"https:\/\/competplus.eu\/fr\/contact\/\"]}]},{\"@type\":\"BreadcrumbList\",\"@id\":\"https:\/\/competplus.eu\/fr\/contact\/#breadcrumb\",\"itemListElement\":[{\"@type\":\"ListItem\",\"position\":1,\"name\":\"Accueil\",\"item\":\"https:\/\/competplus.eu\/fr\/\"},{\"@type\":\"ListItem\",\"position\":2,\"name\":\"Contact\"}]}]}<\/script>\n<!-- \/ Yoast SEO plugin. -->","yoast_head_json":{"title":"Contact COMPET\u2019plus: Comp\u00e9titivit\u00e9 des entreprises et innovation","description":"Contact COMPET\u2019plus, competplus: projet de comp\u00e9titivit\u00e9 des entreprises et plateformes d\u2019innovation entre Nouvelle-Aquitaine, Euskadi et Navarre","robots":{"index":"index","follow":"follow","max-snippet":"max-snippet:-1","max-image-preview":"max-image-preview:large","max-video-preview":"max-video-preview:-1"},"canonical":"https:\/\/competplus.eu\/fr\/contact\/","og_locale":"fr_FR","og_type":"article","og_title":"Contact COMPET\u2019plus: Comp\u00e9titivit\u00e9 des entreprises et innovation","og_description":"Contact COMPET\u2019plus, competplus: projet de comp\u00e9titivit\u00e9 des entreprises et plateformes d\u2019innovation entre Nouvelle-Aquitaine, Euskadi et Navarre","og_url":"https:\/\/competplus.eu\/fr\/contact\/","og_site_name":"COMPET&#039;plus","article_modified_time":"2021-03-16T07:27:18+00:00","twitter_card":"summary_large_image","twitter_misc":{"Dur\u00e9e de lecture estim\u00e9e":"2 minutes"},"schema":{"@context":"https:\/\/schema.org","@graph":[{"@type":"Organization","@id":"https:\/\/competplus.eu\/#organization","name":"COMPET\u2019plus","url":"https:\/\/competplus.eu\/","sameAs":[],"logo":{"@type":"ImageObject","inLanguage":"fr-FR","@id":"https:\/\/competplus.eu\/#\/schema\/logo\/image\/","url":"https:\/\/competplus.eu\/wp-content\/uploads\/2020\/08\/logo_competplus.png","contentUrl":"https:\/\/competplus.eu\/wp-content\/uploads\/2020\/08\/logo_competplus.png","width":250,"height":60,"caption":"COMPET\u2019plus"},"image":{"@id":"https:\/\/competplus.eu\/#\/schema\/logo\/image\/"}},{"@type":"WebSite","@id":"https:\/\/competplus.eu\/#website","url":"https:\/\/competplus.eu\/","name":"COMPET&#039;plus","description":"Otro sitio realizado con WordPress","publisher":{"@id":"https:\/\/competplus.eu\/#organization"},"potentialAction":[{"@type":"SearchAction","target":{"@type":"EntryPoint","urlTemplate":"https:\/\/competplus.eu\/?s={search_term_string}"},"query-input":"required name=search_term_string"}],"inLanguage":"fr-FR"},{"@type":"WebPage","@id":"https:\/\/competplus.eu\/fr\/contact\/","url":"https:\/\/competplus.eu\/fr\/contact\/","name":"Contact COMPET\u2019plus: Comp\u00e9titivit\u00e9 des entreprises et innovation","isPartOf":{"@id":"https:\/\/competplus.eu\/#website"},"datePublished":"2014-03-31T01:53:02+00:00","dateModified":"2021-03-16T07:27:18+00:00","description":"Contact COMPET\u2019plus, competplus: projet de comp\u00e9titivit\u00e9 des entreprises et plateformes d\u2019innovation entre Nouvelle-Aquitaine, Euskadi et Navarre","breadcrumb":{"@id":"https:\/\/competplus.eu\/fr\/contact\/#breadcrumb"},"inLanguage":"fr-FR","potentialAction":[{"@type":"ReadAction","target":["https:\/\/competplus.eu\/fr\/contact\/"]}]},{"@type":"BreadcrumbList","@id":"https:\/\/competplus.eu\/fr\/contact\/#breadcrumb","itemListElement":[{"@type":"ListItem","position":1,"name":"Accueil","item":"https:\/\/competplus.eu\/fr\/"},{"@type":"ListItem","position":2,"name":"Contact"}]}]}},"_links":{"self":[{"href":"https:\/\/competplus.eu\/fr\/wp-json\/wp\/v2\/pages\/4777"}],"collection":[{"href":"https:\/\/competplus.eu\/fr\/wp-json\/wp\/v2\/pages"}],"about":[{"href":"https:\/\/competplus.eu\/fr\/wp-json\/wp\/v2\/types\/page"}],"author":[{"embeddable":true,"href":"https:\/\/competplus.eu\/fr\/wp-json\/wp\/v2\/users\/1"}],"replies":[{"embeddable":true,"href":"https:\/\/competplus.eu\/fr\/wp-json\/wp\/v2\/comments?post=4777"}],"version-history":[{"count":17,"href":"https:\/\/competplus.eu\/fr\/wp-json\/wp\/v2\/pages\/4777\/revisions"}],"predecessor-version":[{"id":5157,"href":"https:\/\/competplus.eu\/fr\/wp-json\/wp\/v2\/pages\/4777\/revisions\/5157"}],"wp:attachment":[{"href":"https:\/\/competplus.eu\/fr\/wp-json\/wp\/v2\/media?parent=4777"}],"curies":[{"name":"wp","href":"https:\/\/api.w.org\/{rel}","templated":true}]}}