{"id":5512,"date":"2021-02-19T16:04:34","date_gmt":"2021-02-19T14:04:34","guid":{"rendered":"https:\/\/competplus.eu\/sitemap\/"},"modified":"2021-02-19T16:04:34","modified_gmt":"2021-02-19T14:04:34","slug":"sitemap","status":"publish","type":"page","link":"https:\/\/competplus.eu\/fr\/sitemap\/","title":{"rendered":"Sitemap"},"content":{"rendered":"<div id=\"simple-sitemap-container-69e858da2fd5c\" class=\"simple-sitemap-container simple-sitemap-container-69e858da2fd5c tab-disabled\"><div class=\"simple-sitemap-wrap\"><h3 class=\"post-type\">Pages<\/h3><ul class=\"simple-sitemap-page main\"><li class=\"sitemap-item page_item page-item-3590\"><a href=\"https:\/\/competplus.eu\/fr\/\">Accueil<\/a><\/li>\n<li class=\"sitemap-item page_item page-item-4749\"><a href=\"https:\/\/competplus.eu\/fr\/actualites\/\">Actualit\u00e9s<\/a><\/li>\n<li class=\"sitemap-item page_item page-item-4771\"><a href=\"https:\/\/competplus.eu\/fr\/agenda\/\">Agenda<\/a><\/li>\n<li class=\"sitemap-item page_item page-item-4664\"><a href=\"https:\/\/competplus.eu\/fr\/chaines-de-valeur\/\">Cha\u00eenes de valeur<\/a><\/li>\n<li class=\"sitemap-item page_item page-item-4684\"><a href=\"https:\/\/competplus.eu\/fr\/comment-participer\/\">Comment participer ?<\/a><\/li>\n<li class=\"sitemap-item page_item page-item-4777\"><a href=\"https:\/\/competplus.eu\/fr\/contact\/\">Contact<\/a><\/li>\n<li class=\"sitemap-item page_item page-item-4648\"><a href=\"https:\/\/competplus.eu\/fr\/flux-economiques-transfrontaliers\/\">Flux \u00e9conomiques transfrontaliers<\/a><\/li>\n<li class=\"sitemap-item page_item page-item-5133\"><a href=\"https:\/\/competplus.eu\/fr\/historico-agenda\/\">Hist\u00f3rico Agenda<\/a><\/li>\n<li class=\"sitemap-item page_item page-item-4633\"><a href=\"https:\/\/competplus.eu\/fr\/le-projet-les-objectifs\/\">Le projet + les objectifs<\/a><\/li>\n<li class=\"sitemap-item page_item page-item-4971\"><a href=\"https:\/\/competplus.eu\/fr\/mentions-legales\/\">Mentions L\u00e9gales<\/a><\/li>\n<li class=\"sitemap-item page_item page-item-4765\"><a href=\"https:\/\/competplus.eu\/fr\/newsletter\/\">Newsletter<\/a><\/li>\n<li class=\"sitemap-item page_item page-item-4643\"><a href=\"https:\/\/competplus.eu\/fr\/partenaires-et-comite-de-pilotage\/\">Partenaires et comit\u00e9 de pilotage<\/a><\/li>\n<li class=\"sitemap-item page_item page-item-4675\"><a href=\"https:\/\/competplus.eu\/fr\/plate-forme-dinnovation\/\">Plate-forme d'innovation<\/a><\/li>\n<li class=\"sitemap-item page_item page-item-4625 page_item_has_children\"><a href=\"https:\/\/competplus.eu\/fr\/ressources\/\">Ressources<\/a>\n<ul class='children'>\n\t<li class=\"sitemap-item page_item page-item-7701\"><a href=\"https:\/\/competplus.eu\/fr\/ressources\/video-de-cloture\/\">Vid\u00e9o de cl\u00f4ture<\/a><\/li>\n<\/ul>\n<\/li>\n<li class=\"sitemap-item page_item page-item-5512\"><a href=\"https:\/\/competplus.eu\/fr\/sitemap\/\">Sitemap<\/a><\/li>\n<\/ul><\/div><\/div><br style=\"clear: both;\">\n","protected":false},"excerpt":{"rendered":"PagesAccueil Actualit\u00e9s Agenda Cha\u00eenes de valeur Comment participer ? Contact Flux \u00e9conomiques transfrontaliers Hist\u00f3rico Agenda Le projet + les objectifs Mentions L\u00e9gales Newsletter Partenaires et comit\u00e9 de pilotage Plate-forme d'innovation...","protected":false},"author":1,"featured_media":0,"parent":0,"menu_order":0,"comment_status":"closed","ping_status":"closed","template":"","meta":[],"yoast_head":"<!-- This site is optimized with the Yoast SEO plugin v19.4 - https:\/\/yoast.com\/wordpress\/plugins\/seo\/ -->\n<title>Sitemap | COMPET&#039;plus<\/title>\n<meta name=\"robots\" content=\"index, follow, max-snippet:-1, max-image-preview:large, max-video-preview:-1\" \/>\n<link rel=\"canonical\" href=\"https:\/\/competplus.eu\/fr\/sitemap\/\" \/>\n<meta property=\"og:locale\" content=\"fr_FR\" \/>\n<meta property=\"og:type\" content=\"article\" \/>\n<meta property=\"og:title\" content=\"Sitemap | COMPET&#039;plus\" \/>\n<meta property=\"og:url\" content=\"https:\/\/competplus.eu\/fr\/sitemap\/\" \/>\n<meta property=\"og:site_name\" content=\"COMPET&#039;plus\" \/>\n<meta name=\"twitter:card\" content=\"summary_large_image\" \/>\n<script type=\"application\/ld+json\" class=\"yoast-schema-graph\">{\"@context\":\"https:\/\/schema.org\",\"@graph\":[{\"@type\":\"Organization\",\"@id\":\"https:\/\/competplus.eu\/#organization\",\"name\":\"COMPET\u2019plus\",\"url\":\"https:\/\/competplus.eu\/\",\"sameAs\":[],\"logo\":{\"@type\":\"ImageObject\",\"inLanguage\":\"fr-FR\",\"@id\":\"https:\/\/competplus.eu\/#\/schema\/logo\/image\/\",\"url\":\"https:\/\/competplus.eu\/wp-content\/uploads\/2020\/08\/logo_competplus.png\",\"contentUrl\":\"https:\/\/competplus.eu\/wp-content\/uploads\/2020\/08\/logo_competplus.png\",\"width\":250,\"height\":60,\"caption\":\"COMPET\u2019plus\"},\"image\":{\"@id\":\"https:\/\/competplus.eu\/#\/schema\/logo\/image\/\"}},{\"@type\":\"WebSite\",\"@id\":\"https:\/\/competplus.eu\/#website\",\"url\":\"https:\/\/competplus.eu\/\",\"name\":\"COMPET&#039;plus\",\"description\":\"Otro sitio realizado con WordPress\",\"publisher\":{\"@id\":\"https:\/\/competplus.eu\/#organization\"},\"potentialAction\":[{\"@type\":\"SearchAction\",\"target\":{\"@type\":\"EntryPoint\",\"urlTemplate\":\"https:\/\/competplus.eu\/?s={search_term_string}\"},\"query-input\":\"required name=search_term_string\"}],\"inLanguage\":\"fr-FR\"},{\"@type\":\"WebPage\",\"@id\":\"https:\/\/competplus.eu\/fr\/sitemap\/\",\"url\":\"https:\/\/competplus.eu\/fr\/sitemap\/\",\"name\":\"Sitemap | COMPET&#039;plus\",\"isPartOf\":{\"@id\":\"https:\/\/competplus.eu\/#website\"},\"datePublished\":\"2021-02-19T14:04:34+00:00\",\"dateModified\":\"2021-02-19T14:04:34+00:00\",\"breadcrumb\":{\"@id\":\"https:\/\/competplus.eu\/fr\/sitemap\/#breadcrumb\"},\"inLanguage\":\"fr-FR\",\"potentialAction\":[{\"@type\":\"ReadAction\",\"target\":[\"https:\/\/competplus.eu\/fr\/sitemap\/\"]}]},{\"@type\":\"BreadcrumbList\",\"@id\":\"https:\/\/competplus.eu\/fr\/sitemap\/#breadcrumb\",\"itemListElement\":[{\"@type\":\"ListItem\",\"position\":1,\"name\":\"Accueil\",\"item\":\"https:\/\/competplus.eu\/fr\/\"},{\"@type\":\"ListItem\",\"position\":2,\"name\":\"Sitemap\"}]}]}<\/script>\n<!-- \/ Yoast SEO plugin. -->","yoast_head_json":{"title":"Sitemap | COMPET&#039;plus","robots":{"index":"index","follow":"follow","max-snippet":"max-snippet:-1","max-image-preview":"max-image-preview:large","max-video-preview":"max-video-preview:-1"},"canonical":"https:\/\/competplus.eu\/fr\/sitemap\/","og_locale":"fr_FR","og_type":"article","og_title":"Sitemap | COMPET&#039;plus","og_url":"https:\/\/competplus.eu\/fr\/sitemap\/","og_site_name":"COMPET&#039;plus","twitter_card":"summary_large_image","schema":{"@context":"https:\/\/schema.org","@graph":[{"@type":"Organization","@id":"https:\/\/competplus.eu\/#organization","name":"COMPET\u2019plus","url":"https:\/\/competplus.eu\/","sameAs":[],"logo":{"@type":"ImageObject","inLanguage":"fr-FR","@id":"https:\/\/competplus.eu\/#\/schema\/logo\/image\/","url":"https:\/\/competplus.eu\/wp-content\/uploads\/2020\/08\/logo_competplus.png","contentUrl":"https:\/\/competplus.eu\/wp-content\/uploads\/2020\/08\/logo_competplus.png","width":250,"height":60,"caption":"COMPET\u2019plus"},"image":{"@id":"https:\/\/competplus.eu\/#\/schema\/logo\/image\/"}},{"@type":"WebSite","@id":"https:\/\/competplus.eu\/#website","url":"https:\/\/competplus.eu\/","name":"COMPET&#039;plus","description":"Otro sitio realizado con WordPress","publisher":{"@id":"https:\/\/competplus.eu\/#organization"},"potentialAction":[{"@type":"SearchAction","target":{"@type":"EntryPoint","urlTemplate":"https:\/\/competplus.eu\/?s={search_term_string}"},"query-input":"required name=search_term_string"}],"inLanguage":"fr-FR"},{"@type":"WebPage","@id":"https:\/\/competplus.eu\/fr\/sitemap\/","url":"https:\/\/competplus.eu\/fr\/sitemap\/","name":"Sitemap | COMPET&#039;plus","isPartOf":{"@id":"https:\/\/competplus.eu\/#website"},"datePublished":"2021-02-19T14:04:34+00:00","dateModified":"2021-02-19T14:04:34+00:00","breadcrumb":{"@id":"https:\/\/competplus.eu\/fr\/sitemap\/#breadcrumb"},"inLanguage":"fr-FR","potentialAction":[{"@type":"ReadAction","target":["https:\/\/competplus.eu\/fr\/sitemap\/"]}]},{"@type":"BreadcrumbList","@id":"https:\/\/competplus.eu\/fr\/sitemap\/#breadcrumb","itemListElement":[{"@type":"ListItem","position":1,"name":"Accueil","item":"https:\/\/competplus.eu\/fr\/"},{"@type":"ListItem","position":2,"name":"Sitemap"}]}]}},"_links":{"self":[{"href":"https:\/\/competplus.eu\/fr\/wp-json\/wp\/v2\/pages\/5512"}],"collection":[{"href":"https:\/\/competplus.eu\/fr\/wp-json\/wp\/v2\/pages"}],"about":[{"href":"https:\/\/competplus.eu\/fr\/wp-json\/wp\/v2\/types\/page"}],"author":[{"embeddable":true,"href":"https:\/\/competplus.eu\/fr\/wp-json\/wp\/v2\/users\/1"}],"replies":[{"embeddable":true,"href":"https:\/\/competplus.eu\/fr\/wp-json\/wp\/v2\/comments?post=5512"}],"version-history":[{"count":0,"href":"https:\/\/competplus.eu\/fr\/wp-json\/wp\/v2\/pages\/5512\/revisions"}],"wp:attachment":[{"href":"https:\/\/competplus.eu\/fr\/wp-json\/wp\/v2\/media?parent=5512"}],"curies":[{"name":"wp","href":"https:\/\/api.w.org\/{rel}","templated":true}]}}