{"id":7701,"date":"2022-07-05T12:33:15","date_gmt":"2022-07-05T10:33:15","guid":{"rendered":"https:\/\/competplus.eu\/?page_id=7701"},"modified":"2022-07-05T12:52:24","modified_gmt":"2022-07-05T10:52:24","slug":"video-de-cloture","status":"publish","type":"page","link":"https:\/\/competplus.eu\/fr\/ressources\/video-de-cloture\/","title":{"rendered":"Vid\u00e9o de cl\u00f4ture"},"content":{"rendered":"[vc_row type=&#8221;full_width_content&#8221; full_screen_row_position=&#8221;middle&#8221; column_margin=&#8221;default&#8221; column_direction=&#8221;default&#8221; column_direction_tablet=&#8221;default&#8221; column_direction_phone=&#8221;default&#8221; bg_color=&#8221;#ffffff&#8221; scene_position=&#8221;center&#8221; top_padding=&#8221;0&#8243; bottom_padding=&#8221;0&#8243; text_color=&#8221;dark&#8221; text_align=&#8221;left&#8221; row_border_radius=&#8221;none&#8221; row_border_radius_applies=&#8221;bg&#8221; overlay_strength=&#8221;0.3&#8243; gradient_direction=&#8221;left_to_right&#8221; shape_divider_position=&#8221;bottom&#8221; bg_image_animation=&#8221;none&#8221; shape_type=&#8221;&#8221;][vc_column column_padding=&#8221;no-extra-padding&#8221; column_padding_tablet=&#8221;inherit&#8221; column_padding_phone=&#8221;inherit&#8221; column_padding_position=&#8221;all&#8221; background_color_opacity=&#8221;1&#8243; background_hover_color_opacity=&#8221;1&#8243; column_shadow=&#8221;none&#8221; column_border_radius=&#8221;none&#8221; column_link_target=&#8221;_self&#8221; enable_gradient=&#8221;true&#8221; gradient_direction=&#8221;left_to_right&#8221; overlay_strength=&#8221;0.3&#8243; width=&#8221;1\/1&#8243; tablet_width_inherit=&#8221;default&#8221; tablet_text_alignment=&#8221;default&#8221; phone_text_alignment=&#8221;default&#8221; column_border_width=&#8221;none&#8221; column_border_style=&#8221;solid&#8221; bg_image_animation=&#8221;none&#8221;][tabbed_section style=&#8221;material&#8221; alignment=&#8221;left&#8221; spacing=&#8221;default&#8221; tab_color=&#8221;Accent-Color&#8221; icon_size=&#8221;24&#8243;][tab icon_family=&#8221;none&#8221; title=&#8221;Ev\u00e9nement Cl\u00f4ture COMPET\u2019plus (20\/05\/2022)&#8221; id=&#8221;1657018298348-6&#8243; tab_id=&#8221;1657018298348-0&#8243;][vc_row_inner column_margin=&#8221;default&#8221; column_direction=&#8221;default&#8221; column_direction_tablet=&#8221;default&#8221; column_direction_phone=&#8221;default&#8221; left_padding_desktop=&#8221;5%&#8221; constrain_group_2=&#8221;yes&#8221; right_padding_desktop=&#8221;5%&#8221; text_align=&#8221;left&#8221;][vc_column_inner column_padding=&#8221;no-extra-padding&#8221; column_padding_tablet=&#8221;inherit&#8221; column_padding_phone=&#8221;inherit&#8221; column_padding_position=&#8221;all&#8221; background_color_opacity=&#8221;1&#8243; background_hover_color_opacity=&#8221;1&#8243; column_shadow=&#8221;none&#8221; column_border_radius=&#8221;none&#8221; column_link_target=&#8221;_self&#8221; gradient_direction=&#8221;left_to_right&#8221; overlay_strength=&#8221;0.3&#8243; width=&#8221;1\/1&#8243; tablet_width_inherit=&#8221;default&#8221; column_border_width=&#8221;none&#8221; column_border_style=&#8221;solid&#8221; bg_image_animation=&#8221;none&#8221;][vc_custom_heading text=&#8221;Vid\u00e9o de la journ\u00e9e de cl\u00f4ture du projet COMPET&#8217;plus&#8221; font_container=&#8221;tag:h3|font_size:30|text_align:left|line_height:40px&#8221; use_theme_fonts=&#8221;yes&#8221;][vc_video link=&#8221;https:\/\/www.youtube.com\/watch?v=9K_BFdBX0H4&#8243; el_width=&#8221;70&#8243; align=&#8221;center&#8221;][\/vc_column_inner][\/vc_row_inner][\/tab][\/tabbed_section][\/vc_column][\/vc_row][vc_row type=&#8221;in_container&#8221; full_screen_row_position=&#8221;middle&#8221; column_margin=&#8221;default&#8221; column_direction=&#8221;default&#8221; column_direction_tablet=&#8221;default&#8221; column_direction_phone=&#8221;default&#8221; scene_position=&#8221;center&#8221; text_color=&#8221;dark&#8221; text_align=&#8221;left&#8221; row_border_radius=&#8221;none&#8221; row_border_radius_applies=&#8221;bg&#8221; overlay_strength=&#8221;0.3&#8243; gradient_direction=&#8221;left_to_right&#8221; shape_divider_position=&#8221;bottom&#8221; bg_image_animation=&#8221;none&#8221; shape_type=&#8221;&#8221;][vc_column column_padding=&#8221;no-extra-padding&#8221; column_padding_tablet=&#8221;inherit&#8221; column_padding_phone=&#8221;inherit&#8221; column_padding_position=&#8221;all&#8221; background_color_opacity=&#8221;1&#8243; background_hover_color_opacity=&#8221;1&#8243; column_shadow=&#8221;none&#8221; column_border_radius=&#8221;none&#8221; column_link_target=&#8221;_self&#8221; gradient_direction=&#8221;left_to_right&#8221; overlay_strength=&#8221;0.3&#8243; width=&#8221;1\/1&#8243; tablet_width_inherit=&#8221;default&#8221; tablet_text_alignment=&#8221;default&#8221; phone_text_alignment=&#8221;default&#8221; column_border_width=&#8221;none&#8221; column_border_style=&#8221;solid&#8221; bg_image_animation=&#8221;none&#8221;][divider line_type=&#8221;No<br \/>\nLine&#8221; custom_height=&#8221;50px&#8221;][\/vc_column][\/vc_row][vc_row type=&#8221;full_width_background&#8221; full_screen_row_position=&#8221;middle&#8221; column_margin=&#8221;default&#8221; equal_height=&#8221;yes&#8221; content_placement=&#8221;middle&#8221; column_direction=&#8221;default&#8221; column_direction_tablet=&#8221;default&#8221; column_direction_phone=&#8221;default&#8221; bg_color=&#8221;#ffffff&#8221; scene_position=&#8221;center&#8221; top_padding=&#8221;40&#8243; bottom_padding=&#8221;40&#8243; text_color=&#8221;light&#8221; text_align=&#8221;left&#8221; row_border_radius=&#8221;none&#8221; row_border_radius_applies=&#8221;bg&#8221; id=&#8221;actualidad&#8221; color_overlay=&#8221;#a8a8a8&#8243; overlay_strength=&#8221;0.95&#8243; gradient_direction=&#8221;left_to_right&#8221; shape_divider_position=&#8221;bottom&#8221; bg_image_animation=&#8221;none&#8221; shape_type=&#8221;&#8221;][vc_column column_padding=&#8221;no-extra-padding&#8221; column_padding_tablet=&#8221;inherit&#8221; column_padding_phone=&#8221;inherit&#8221; column_padding_position=&#8221;all&#8221; background_color_opacity=&#8221;1&#8243; background_hover_color_opacity=&#8221;1&#8243; column_shadow=&#8221;none&#8221; column_border_radius=&#8221;none&#8221; column_link_target=&#8221;_self&#8221; gradient_direction=&#8221;left_to_right&#8221; overlay_strength=&#8221;0.3&#8243; width=&#8221;5\/12&#8243; tablet_width_inherit=&#8221;default&#8221; tablet_text_alignment=&#8221;center&#8221; phone_text_alignment=&#8221;center&#8221; column_border_width=&#8221;none&#8221; column_border_style=&#8221;solid&#8221; bg_image_animation=&#8221;none&#8221;][nectar_highlighted_text color_type=&#8221;regular&#8221; highlight_color=&#8221;#6a9829&#8243; style=&#8221;half_text&#8221; delay=&#8221;150&#8243;]\n<h2>Accede a toda la <em>actualidad<\/em> del proyecto.<\/h2>\n[\/nectar_highlighted_text][\/vc_column][vc_column column_padding=&#8221;no-extra-padding&#8221; column_padding_tablet=&#8221;inherit&#8221; column_padding_phone=&#8221;inherit&#8221; column_padding_position=&#8221;all&#8221; background_color_opacity=&#8221;1&#8243; background_hover_color_opacity=&#8221;1&#8243; column_shadow=&#8221;none&#8221; column_border_radius=&#8221;none&#8221; column_link_target=&#8221;_self&#8221; gradient_direction=&#8221;left_to_right&#8221; overlay_strength=&#8221;0.3&#8243; width=&#8221;1\/12&#8243; tablet_width_inherit=&#8221;default&#8221; tablet_text_alignment=&#8221;center&#8221; phone_text_alignment=&#8221;center&#8221; column_border_width=&#8221;none&#8221; column_border_style=&#8221;solid&#8221; bg_image_animation=&#8221;none&#8221;][\/vc_column][vc_column column_padding=&#8221;no-extra-padding&#8221; column_padding_tablet=&#8221;inherit&#8221; column_padding_phone=&#8221;inherit&#8221; column_padding_position=&#8221;all&#8221; centered_text=&#8221;true&#8221; background_color_opacity=&#8221;1&#8243; background_hover_color_opacity=&#8221;1&#8243; column_shadow=&#8221;none&#8221; column_border_radius=&#8221;none&#8221; column_link_target=&#8221;_self&#8221; gradient_direction=&#8221;left_to_right&#8221; overlay_strength=&#8221;0.3&#8243; width=&#8221;2\/12&#8243; tablet_width_inherit=&#8221;default&#8221; tablet_text_alignment=&#8221;center&#8221; phone_text_alignment=&#8221;center&#8221; column_border_width=&#8221;none&#8221; column_border_style=&#8221;solid&#8221; bg_image_animation=&#8221;none&#8221; offset=&#8221;vc_col-xs-12&#8243;][nectar_btn size=&#8221;jumbo&#8221; button_style=&#8221;regular&#8221; button_color_2=&#8221;Extra-Color-2&#8243; color_override=&#8221;#f96566&#8243; icon_family=&#8221;none&#8221; url=&#8221;\/noticias&#8221; text=&#8221;Actualit\u00e9s&#8221; margin_top=&#8221;16&#8243; css_animation=&#8221;bounceInUp&#8221;][\/vc_column][vc_column column_padding=&#8221;no-extra-padding&#8221; column_padding_tablet=&#8221;inherit&#8221; column_padding_phone=&#8221;inherit&#8221; column_padding_position=&#8221;all&#8221; centered_text=&#8221;true&#8221; background_color_opacity=&#8221;1&#8243; background_hover_color_opacity=&#8221;1&#8243; column_shadow=&#8221;none&#8221; column_border_radius=&#8221;none&#8221; column_link_target=&#8221;_self&#8221; gradient_direction=&#8221;left_to_right&#8221; overlay_strength=&#8221;0.3&#8243; width=&#8221;2\/12&#8243; tablet_width_inherit=&#8221;default&#8221; tablet_text_alignment=&#8221;default&#8221; phone_text_alignment=&#8221;default&#8221; column_border_width=&#8221;none&#8221; column_border_style=&#8221;solid&#8221; bg_image_animation=&#8221;none&#8221; offset=&#8221;vc_col-xs-12&#8243;][nectar_btn size=&#8221;jumbo&#8221; button_style=&#8221;regular&#8221; button_color_2=&#8221;Extra-Color-2&#8243; color_override=&#8221;#5d73ac&#8221; icon_family=&#8221;none&#8221; url=&#8221;\/agenda\/&#8221; text=&#8221;Agenda&#8221; margin_top=&#8221;16&#8243; css_animation=&#8221;bounceInUp&#8221;][\/vc_column][vc_column column_padding=&#8221;no-extra-padding&#8221; column_padding_tablet=&#8221;inherit&#8221; column_padding_phone=&#8221;inherit&#8221; column_padding_position=&#8221;all&#8221; centered_text=&#8221;true&#8221; background_color_opacity=&#8221;1&#8243; background_hover_color_opacity=&#8221;1&#8243; column_shadow=&#8221;none&#8221; column_border_radius=&#8221;none&#8221; column_link_target=&#8221;_self&#8221; gradient_direction=&#8221;left_to_right&#8221; overlay_strength=&#8221;0.3&#8243; width=&#8221;2\/12&#8243; tablet_width_inherit=&#8221;default&#8221; tablet_text_alignment=&#8221;default&#8221; phone_text_alignment=&#8221;default&#8221; column_border_width=&#8221;none&#8221; column_border_style=&#8221;solid&#8221; bg_image_animation=&#8221;none&#8221; offset=&#8221;vc_col-xs-12&#8243;][nectar_btn size=&#8221;jumbo&#8221; button_style=&#8221;regular&#8221; button_color_2=&#8221;Extra-Color-2&#8243; icon_family=&#8221;none&#8221; url=&#8221;\/newsletters\/&#8221; text=&#8221;Newsletters&#8221; margin_top=&#8221;16&#8243; css_animation=&#8221;bounceInUp&#8221;][\/vc_column][\/vc_row][vc_row type=&#8221;full_width_content&#8221; full_screen_row_position=&#8221;middle&#8221; column_margin=&#8221;default&#8221; equal_height=&#8221;yes&#8221; content_placement=&#8221;middle&#8221; column_direction=&#8221;default&#8221; column_direction_tablet=&#8221;default&#8221; column_direction_phone=&#8221;default&#8221; bg_color=&#8221;#de2551&#8243; scene_position=&#8221;center&#8221; top_padding=&#8221;48px&#8221; bottom_padding=&#8221;48px&#8221; text_color=&#8221;dark&#8221; text_align=&#8221;center&#8221; row_border_radius=&#8221;none&#8221; row_border_radius_applies=&#8221;bg&#8221; id=&#8221;creative-services&#8221; overlay_strength=&#8221;0.3&#8243; gradient_direction=&#8221;left_to_right&#8221; shape_divider_position=&#8221;bottom&#8221; bg_image_animation=&#8221;none&#8221; shape_type=&#8221;&#8221;][vc_column column_padding=&#8221;padding-2-percent&#8221; column_padding_tablet=&#8221;inherit&#8221; column_padding_phone=&#8221;inherit&#8221; column_padding_position=&#8221;right&#8221; background_color_opacity=&#8221;1&#8243; background_hover_color_opacity=&#8221;1&#8243; column_shadow=&#8221;none&#8221; column_border_radius=&#8221;none&#8221; column_link_target=&#8221;_self&#8221; gradient_direction=&#8221;left_to_right&#8221; overlay_strength=&#8221;0.3&#8243; width=&#8221;1\/1&#8243; tablet_width_inherit=&#8221;default&#8221; tablet_text_alignment=&#8221;default&#8221; phone_text_alignment=&#8221;default&#8221; column_border_width=&#8221;none&#8221; column_border_style=&#8221;solid&#8221; bg_image_animation=&#8221;none&#8221;][vc_custom_heading text=&#8221;INSCRIVEZ-VOUS \u00c0 NOTRE NEWSLETTER&#8221; font_container=&#8221;tag:h2|text_align:center|color:%23ffffff|line_height:50px&#8221; use_theme_fonts=&#8221;yes&#8221; css=&#8221;.vc_custom_1601030589863{margin-bottom: 16px<br \/>\n!important;}&#8221; el_class=&#8221;encabezado-newsletter&#8221;][vc_column_text el_class=&#8221;newsletter-description&#8221; css=&#8221;.vc_custom_1601030852967{margin-bottom:<br \/>\n12px !important;}&#8221;]En COMPET\u2019plus elaboramos peri\u00f3dicamente newsletters con las<br \/>\nnovedades del proyecto y actividades que realizamos, entre otros contenidos de<br \/>\ninter\u00e9s.[\/vc_column_text][vc_raw_html el_id=&#8221;newsletter-form&#8221;]JTNDZm9ybSUyMGNsYXNzJTNEJTIyc2ltcGxlX2Zvcm0lMjBmb3JtJTIwZm9ybS12ZXJ0aWNhbCUyMiUyMGlkJTNEJTIybmV3X3N1YnNjcmliZXIlMjIlMjBhY3Rpb24lM0QlMjJodHRwcyUzQSUyRiUyRmNvbXBldHBsdXMuaXB6bWFya2V0aW5nLmNvbSUyRmYlMkZ4ZDlrU3Z5cWZhRSUyMiUyMGFjY2VwdC1jaGFyc2V0JTNEJTIyVVRGLTglMjIlMjBtZXRob2QlM0QlMjJwb3N0JTIyJTNFJTBBJTA5JTNDaW5wdXQlMjBuYW1lJTNEJTIydXRmOCUyMiUyMHR5cGUlM0QlMjJoaWRkZW4lMjIlMjB2YWx1ZSUzRCUyMiUyNiUyM3gyNzEzJTNCJTIyJTIwJTJGJTNFJTBBJTBBJTA5JTNDZGl2JTIwY2xhc3MlM0QlMjJmb3JtLWdyb3VwJTIwc3RyaW5nJTIwb3B0aW9uYWwlMjBzdWJzY3JpYmVyX2N1c3RvbV9maWVsZHNfMyUyMiUzRSUwQSUwOSUwOSUzQ2xhYmVsJTIwY2xhc3MlM0QlMjJjb250cm9sLWxhYmVsJTIwc3RyaW5nJTIwcmVxdWlyZWQlMjIlMjBmb3IlM0QlMjJzdWJzY3JpYmVyX2N1c3RvbV9maWVsZHNfMyUyMiUzRSUzQ2FiYnIlMjB0aXRsZSUzRCUyMlJlcXVlcmlkbyUyMiUzRSUyMCUzQyUyRmFiYnIlM0VFbXByZXNhJTNDJTJGbGFiZWwlM0UlMEElMDklMDklM0NpbnB1dCUyMGNsYXNzJTNEJTIyZm9ybS1jb250cm9sJTIwc3RyaW5nJTIwb3B0aW9uYWwlMjIlMjB0eXBlJTNEJTIydGV4dCUyMiUyMG5hbWUlM0QlMjJzdWJzY3JpYmVyJTVCY3VzdG9tX2ZpZWxkcyU1RCU1QjMlNUQlMjIlMjBpZCUzRCUyMnN1YnNjcmliZXJfY3VzdG9tX2ZpZWxkc18zJTIyJTIwJTJGJTNFJTBBJTA5JTNDJTJGZGl2JTNFJTBBJTBBJTA5JTNDZGl2JTIwY2xhc3MlM0QlMjJmb3JtLWdyb3VwJTIwc3RyaW5nJTIwcmVxdWlyZWQlMjBzdWJzY3JpYmVyX25hbWUlMjIlM0UlMEElMDklMDklM0NsYWJlbCUyMGNsYXNzJTNEJTIyY29udHJvbC1sYWJlbCUyMHN0cmluZyUyMHJlcXVpcmVkJTIyJTIwZm9yJTNEJTIyc3Vic2NyaWJlcl9uYW1lJTIyJTNFTm9tYnJlJTIweSUyMGFwZWxsaWRvcyUzQyUyRmxhYmVsJTNFJTBBJTA5JTA5JTNDaW5wdXQlMjBjbGFzcyUzRCUyMmZvcm0tY29udHJvbCUyMHN0cmluZyUyMHJlcXVpcmVkJTIyJTIwdHlwZSUzRCUyMnRleHQlMjIlMjBuYW1lJTNEJTIyc3Vic2NyaWJlciU1Qm5hbWUlNUQlMjIlMjBpZCUzRCUyMnN1YnNjcmliZXJfbmFtZSUyMiUyMCUyRiUzRSUwQSUwOSUzQyUyRmRpdiUzRSUwQSUwQSUwOSUzQ2RpdiUyMGNsYXNzJTNEJTIyZm9ybS1ncm91cCUyMGVtYWlsJTIwcmVxdWlyZWQlMjBzdWJzY3JpYmVyX2VtYWlsJTIyJTNFJTBBJTA5JTA5JTNDbGFiZWwlMjBjbGFzcyUzRCUyMmNvbnRyb2wtbGFiZWwlMjBlbWFpbCUyMHJlcXVpcmVkJTIyJTIwZm9yJTNEJTIyc3Vic2NyaWJlcl9lbWFpbCUyMiUzRSUzQ2FiYnIlMjB0aXRsZSUzRCUyMlJlcXVlcmlkbyUyMiUzRSUyMCUzQyUyRmFiYnIlM0UlMjBFbWFpbCUzQyUyRmxhYmVsJTNFJTBBJTA5JTA5JTNDaW5wdXQlMjBjbGFzcyUzRCUyMmZvcm0tY29udHJvbCUyMHN0cmluZyUyMGVtYWlsJTIwcmVxdWlyZWQlMjIlMjByZXF1aXJlZCUzRCUyMnJlcXVpcmVkJTIyJTIwYXJpYS1yZXF1aXJlZCUzRCUyMnRydWUlMjIlMjB0eXBlJTNEJTIyZW1haWwlMjIlMjBuYW1lJTNEJTIyc3Vic2NyaWJlciU1QmVtYWlsJTVEJTIyJTIwaWQlM0QlMjJzdWJzY3JpYmVyX2VtYWlsJTIyJTIwJTJGJTNFJTBBJTA5JTNDJTJGZGl2JTNFJTBBJTA5JTNDaW5wdXQlMjB0eXBlJTNEJTIydGV4dCUyMiUyMG5hbWUlM0QlMjJhbm90aGVyZW1haWwlMjIlMjBpZCUzRCUyMmFub3RoZXJlbWFpbCUyMiUyMHN0eWxlJTNEJTIycG9zaXRpb24lM0ElMjBhYnNvbHV0ZSUzQiUyMGxlZnQlM0ElMjAtNTAwMHB4JTIyJTIwdGFiaW5kZXglM0QlMjItMSUyMiUyMGF1dG9jb21wbGV0ZSUzRCUyMm9mZiUyMiUyMCUyRiUzRSUwQSUwQSUwOSUzQ2RpdiUyMGNsYXNzJTNEJTIyc3VibWl0LXdyYXBwZXIlMjIlM0UlMEElMDklMDklM0NpbnB1dCUyMHR5cGUlM0QlMjJzdWJtaXQlMjIlMjBuYW1lJTNEJTIyY29tbWl0JTIyJTIwdmFsdWUlM0QlMjJFbnZpYXIlMjIlMjBjbGFzcyUzRCUyMmJ0biUyMGJ0bi1wcmltYXJ5JTIyJTIwZGF0YS1kaXNhYmxlLXdpdGglM0QlMjJQcm9jZXNhbmRvJTIyJTIwJTJGJTNFJTBBJTA5JTNDJTJGZGl2JTNFJTBBJTNDJTJGZm9ybSUzRQ==[\/vc_raw_html][\/vc_column][\/vc_row]\n","protected":false},"excerpt":{"rendered":"<p>[vc_row type=&#8221;full_width_content&#8221; full_screen_row_position=&#8221;middle&#8221; column_margin=&#8221;default&#8221; column_direction=&#8221;default&#8221; column_direction_tablet=&#8221;default&#8221; column_direction_phone=&#8221;default&#8221; bg_color=&#8221;#ffffff&#8221; scene_position=&#8221;center&#8221; top_padding=&#8221;0&#8243; bottom_padding=&#8221;0&#8243; text_color=&#8221;dark&#8221; text_align=&#8221;left&#8221; row_border_radius=&#8221;none&#8221; row_border_radius_applies=&#8221;bg&#8221; overlay_strength=&#8221;0.3&#8243; gradient_direction=&#8221;left_to_right&#8221; shape_divider_position=&#8221;bottom&#8221; bg_image_animation=&#8221;none&#8221; shape_type=&#8221;&#8221;][vc_column column_padding=&#8221;no-extra-padding&#8221; column_padding_tablet=&#8221;inherit&#8221; column_padding_phone=&#8221;inherit&#8221; column_padding_position=&#8221;all&#8221; background_color_opacity=&#8221;1&#8243; background_hover_color_opacity=&#8221;1&#8243; column_shadow=&#8221;none&#8221; column_border_radius=&#8221;none&#8221; column_link_target=&#8221;_self&#8221; enable_gradient=&#8221;true&#8221;&#8230;<\/p>\n","protected":false},"author":1,"featured_media":0,"parent":4625,"menu_order":201,"comment_status":"open","ping_status":"closed","template":"","meta":[],"yoast_head":"<!-- This site is optimized with the Yoast SEO plugin v19.4 - https:\/\/yoast.com\/wordpress\/plugins\/seo\/ -->\n<title>Ressources de COMPET\u2019plus: Analysis des RIS3, Webinaires<\/title>\n<meta name=\"description\" content=\"Analysis des RIS3 (espaces transfrontalier Nouvelle-Aquitaine, Euskadi, Navarre), Webinaires, vid\u00e9os et pr\u00e9sentations\" \/>\n<meta name=\"robots\" content=\"index, follow, max-snippet:-1, max-image-preview:large, max-video-preview:-1\" \/>\n<link rel=\"canonical\" href=\"https:\/\/competplus.eu\/fr\/ressources\/video-de-cloture\/\" \/>\n<meta property=\"og:locale\" content=\"fr_FR\" \/>\n<meta property=\"og:type\" content=\"article\" \/>\n<meta property=\"og:title\" content=\"Ressources de COMPET\u2019plus: Analysis des RIS3, Webinaires\" \/>\n<meta property=\"og:description\" content=\"Analysis des RIS3 (espaces transfrontalier Nouvelle-Aquitaine, Euskadi, Navarre), Webinaires, vid\u00e9os et pr\u00e9sentations\" \/>\n<meta property=\"og:url\" content=\"https:\/\/competplus.eu\/fr\/ressources\/video-de-cloture\/\" \/>\n<meta property=\"og:site_name\" content=\"COMPET&#039;plus\" \/>\n<meta property=\"article:modified_time\" content=\"2022-07-05T10:52:24+00:00\" \/>\n<meta name=\"twitter:card\" content=\"summary_large_image\" \/>\n<meta name=\"twitter:label1\" content=\"Dur\u00e9e de lecture estim\u00e9e\" \/>\n\t<meta name=\"twitter:data1\" content=\"2 minutes\" \/>\n<script type=\"application\/ld+json\" class=\"yoast-schema-graph\">{\"@context\":\"https:\/\/schema.org\",\"@graph\":[{\"@type\":\"Organization\",\"@id\":\"https:\/\/competplus.eu\/#organization\",\"name\":\"COMPET\u2019plus\",\"url\":\"https:\/\/competplus.eu\/\",\"sameAs\":[],\"logo\":{\"@type\":\"ImageObject\",\"inLanguage\":\"fr-FR\",\"@id\":\"https:\/\/competplus.eu\/#\/schema\/logo\/image\/\",\"url\":\"https:\/\/competplus.eu\/wp-content\/uploads\/2020\/08\/logo_competplus.png\",\"contentUrl\":\"https:\/\/competplus.eu\/wp-content\/uploads\/2020\/08\/logo_competplus.png\",\"width\":250,\"height\":60,\"caption\":\"COMPET\u2019plus\"},\"image\":{\"@id\":\"https:\/\/competplus.eu\/#\/schema\/logo\/image\/\"}},{\"@type\":\"WebSite\",\"@id\":\"https:\/\/competplus.eu\/#website\",\"url\":\"https:\/\/competplus.eu\/\",\"name\":\"COMPET&#039;plus\",\"description\":\"Otro sitio realizado con WordPress\",\"publisher\":{\"@id\":\"https:\/\/competplus.eu\/#organization\"},\"potentialAction\":[{\"@type\":\"SearchAction\",\"target\":{\"@type\":\"EntryPoint\",\"urlTemplate\":\"https:\/\/competplus.eu\/?s={search_term_string}\"},\"query-input\":\"required name=search_term_string\"}],\"inLanguage\":\"fr-FR\"},{\"@type\":\"WebPage\",\"@id\":\"https:\/\/competplus.eu\/fr\/ressources\/video-de-cloture\/\",\"url\":\"https:\/\/competplus.eu\/fr\/ressources\/video-de-cloture\/\",\"name\":\"Ressources de COMPET\u2019plus: Analysis des RIS3, Webinaires\",\"isPartOf\":{\"@id\":\"https:\/\/competplus.eu\/#website\"},\"datePublished\":\"2022-07-05T10:33:15+00:00\",\"dateModified\":\"2022-07-05T10:52:24+00:00\",\"description\":\"Analysis des RIS3 (espaces transfrontalier Nouvelle-Aquitaine, Euskadi, Navarre), Webinaires, vid\u00e9os et pr\u00e9sentations\",\"breadcrumb\":{\"@id\":\"https:\/\/competplus.eu\/fr\/ressources\/video-de-cloture\/#breadcrumb\"},\"inLanguage\":\"fr-FR\",\"potentialAction\":[{\"@type\":\"ReadAction\",\"target\":[\"https:\/\/competplus.eu\/fr\/ressources\/video-de-cloture\/\"]}]},{\"@type\":\"BreadcrumbList\",\"@id\":\"https:\/\/competplus.eu\/fr\/ressources\/video-de-cloture\/#breadcrumb\",\"itemListElement\":[{\"@type\":\"ListItem\",\"position\":1,\"name\":\"Accueil\",\"item\":\"https:\/\/competplus.eu\/fr\/\"},{\"@type\":\"ListItem\",\"position\":2,\"name\":\"Ressources\",\"item\":\"https:\/\/competplus.eu\/fr\/ressources\/\"},{\"@type\":\"ListItem\",\"position\":3,\"name\":\"Vid\u00e9o de cl\u00f4ture\"}]}]}<\/script>\n<!-- \/ Yoast SEO plugin. -->","yoast_head_json":{"title":"Ressources de COMPET\u2019plus: Analysis des RIS3, Webinaires","description":"Analysis des RIS3 (espaces transfrontalier Nouvelle-Aquitaine, Euskadi, Navarre), Webinaires, vid\u00e9os et pr\u00e9sentations","robots":{"index":"index","follow":"follow","max-snippet":"max-snippet:-1","max-image-preview":"max-image-preview:large","max-video-preview":"max-video-preview:-1"},"canonical":"https:\/\/competplus.eu\/fr\/ressources\/video-de-cloture\/","og_locale":"fr_FR","og_type":"article","og_title":"Ressources de COMPET\u2019plus: Analysis des RIS3, Webinaires","og_description":"Analysis des RIS3 (espaces transfrontalier Nouvelle-Aquitaine, Euskadi, Navarre), Webinaires, vid\u00e9os et pr\u00e9sentations","og_url":"https:\/\/competplus.eu\/fr\/ressources\/video-de-cloture\/","og_site_name":"COMPET&#039;plus","article_modified_time":"2022-07-05T10:52:24+00:00","twitter_card":"summary_large_image","twitter_misc":{"Dur\u00e9e de lecture estim\u00e9e":"2 minutes"},"schema":{"@context":"https:\/\/schema.org","@graph":[{"@type":"Organization","@id":"https:\/\/competplus.eu\/#organization","name":"COMPET\u2019plus","url":"https:\/\/competplus.eu\/","sameAs":[],"logo":{"@type":"ImageObject","inLanguage":"fr-FR","@id":"https:\/\/competplus.eu\/#\/schema\/logo\/image\/","url":"https:\/\/competplus.eu\/wp-content\/uploads\/2020\/08\/logo_competplus.png","contentUrl":"https:\/\/competplus.eu\/wp-content\/uploads\/2020\/08\/logo_competplus.png","width":250,"height":60,"caption":"COMPET\u2019plus"},"image":{"@id":"https:\/\/competplus.eu\/#\/schema\/logo\/image\/"}},{"@type":"WebSite","@id":"https:\/\/competplus.eu\/#website","url":"https:\/\/competplus.eu\/","name":"COMPET&#039;plus","description":"Otro sitio realizado con WordPress","publisher":{"@id":"https:\/\/competplus.eu\/#organization"},"potentialAction":[{"@type":"SearchAction","target":{"@type":"EntryPoint","urlTemplate":"https:\/\/competplus.eu\/?s={search_term_string}"},"query-input":"required name=search_term_string"}],"inLanguage":"fr-FR"},{"@type":"WebPage","@id":"https:\/\/competplus.eu\/fr\/ressources\/video-de-cloture\/","url":"https:\/\/competplus.eu\/fr\/ressources\/video-de-cloture\/","name":"Ressources de COMPET\u2019plus: Analysis des RIS3, Webinaires","isPartOf":{"@id":"https:\/\/competplus.eu\/#website"},"datePublished":"2022-07-05T10:33:15+00:00","dateModified":"2022-07-05T10:52:24+00:00","description":"Analysis des RIS3 (espaces transfrontalier Nouvelle-Aquitaine, Euskadi, Navarre), Webinaires, vid\u00e9os et pr\u00e9sentations","breadcrumb":{"@id":"https:\/\/competplus.eu\/fr\/ressources\/video-de-cloture\/#breadcrumb"},"inLanguage":"fr-FR","potentialAction":[{"@type":"ReadAction","target":["https:\/\/competplus.eu\/fr\/ressources\/video-de-cloture\/"]}]},{"@type":"BreadcrumbList","@id":"https:\/\/competplus.eu\/fr\/ressources\/video-de-cloture\/#breadcrumb","itemListElement":[{"@type":"ListItem","position":1,"name":"Accueil","item":"https:\/\/competplus.eu\/fr\/"},{"@type":"ListItem","position":2,"name":"Ressources","item":"https:\/\/competplus.eu\/fr\/ressources\/"},{"@type":"ListItem","position":3,"name":"Vid\u00e9o de cl\u00f4ture"}]}]}},"_links":{"self":[{"href":"https:\/\/competplus.eu\/fr\/wp-json\/wp\/v2\/pages\/7701"}],"collection":[{"href":"https:\/\/competplus.eu\/fr\/wp-json\/wp\/v2\/pages"}],"about":[{"href":"https:\/\/competplus.eu\/fr\/wp-json\/wp\/v2\/types\/page"}],"author":[{"embeddable":true,"href":"https:\/\/competplus.eu\/fr\/wp-json\/wp\/v2\/users\/1"}],"replies":[{"embeddable":true,"href":"https:\/\/competplus.eu\/fr\/wp-json\/wp\/v2\/comments?post=7701"}],"version-history":[{"count":5,"href":"https:\/\/competplus.eu\/fr\/wp-json\/wp\/v2\/pages\/7701\/revisions"}],"predecessor-version":[{"id":7727,"href":"https:\/\/competplus.eu\/fr\/wp-json\/wp\/v2\/pages\/7701\/revisions\/7727"}],"up":[{"embeddable":true,"href":"https:\/\/competplus.eu\/fr\/wp-json\/wp\/v2\/pages\/4625"}],"wp:attachment":[{"href":"https:\/\/competplus.eu\/fr\/wp-json\/wp\/v2\/media?parent=7701"}],"curies":[{"name":"wp","href":"https:\/\/api.w.org\/{rel}","templated":true}]}}